{"id":72526,"date":"2025-07-27T12:21:06","date_gmt":"2025-07-27T03:21:06","guid":{"rendered":"https:\/\/www.samuraimuseum.jp\/shop\/?post_type=product&#038;p=72526"},"modified":"2025-07-27T21:27:31","modified_gmt":"2025-07-27T12:27:31","slug":"antique-kozuka-for-samurai-sword-with-nbthk-hozon-certificate-k-79","status":"publish","type":"product","link":"https:\/\/www.samuraimuseum.jp\/shop\/product\/antique-kozuka-for-samurai-sword-with-nbthk-hozon-certificate-k-79\/","title":{"rendered":"Antique Kozuka<br> for Samurai Sword<br> with NBTHK <strong><span style=\"color: #ff0000;\">Hozon<\/span><\/strong> Certificate (K-79)"},"content":{"rendered":"<p><span style=\"color: #000000; font-size: 14pt;\"><strong>Title: Futamigaura<span style=\"color: #000000;\">\u00a0<\/span><span style=\"color: #000000;\">Zu<\/span><\/strong><\/span><\/p>\n<p><span style=\"color: #000000;\"><strong>Description<\/strong><\/span><br \/>\n<span style=\"color: #000000;\" data-preserver-spaces=\"true\">\u00a0This Kozuka is made from the Shibuichi (\u56db\u5206\u4e00). It is an alloy of copper and silver. It contains about 25% silver (a quarter of copper), which is why this alloy was named Shibuichi (it means quarter in Japanese). It is also called the Oborogin (\u6727\u9280) because it has a beautiful silver-gray color.<br \/>\n<\/span><\/p>\n<p><span style=\"color: #000000;\">\u00a0The theme of this kozuka is Futamigaura(\u4e8c\u898b\u30f6\u6d66), an actual coastal area located in Futami Town, Ise City, Japan. Futamigaura is renowned for its scenic beauty and spiritual significance, especially the iconic <em data-start=\"308\" data-end=\"319\">Meoto Iwa<\/em> (\u592b\u5a66\u5ca9, Wedded Rocks)\u2014two sacred stones tied together with a ceremonial rope, symbolizing the bond between husband and wife. Stretching from Imaisshiki to Cape Tateishi, the coastline curves gently with a sandy beach, backed by Mount Otonashi and facing Ise Bay, with views of the Chita and Atsumi peninsulas across the water.<\/span><\/p>\n<p data-start=\"641\" data-end=\"1139\"><span style=\"color: #000000;\">\u00a0Since ancient times, Futamiura has been regarded as a place of purification (<em data-start=\"718\" data-end=\"726\">misogi<\/em>), where pilgrims would cleanse themselves before visiting the nearby Ise Grand Shrine, one of the most important Shinto shrines in Japan. In summer, the rising sun can be seen emerging between the two rocks\u2014a breathtaking and mystical scene. On rare, perfectly clear mornings, the sunlight aligns in such a way that Mount Fuji becomes visible beyond the horizon, creating a truly divine and awe-inspiring view.<\/span><\/p>\n<p><span style=\"color: #000000;\" data-preserver-spaces=\"true\">\u00a0This kozuka bears the signature of Goto Mitsutoshi (\u5f8c\u85e4\u5149\u7f8e), a distinguished metalworker born in 1785. He was the fifteenth-generation head of the Goto family, a prestigious lineage of metal craftsmen who served the Ashikaga shogunate from the first generation, Goto Yujo, through to the seventeenth generation, spanning over 400 years.<br data-start=\"383\" data-end=\"386\" \/>The Goto school was known for establishing the formal and refined style of kazarikanagu (decorative sword fittings), with its roots in the Mino tradition. The works of the early generations\u2014Yujo (1st), Sojo (2nd), and Joshin (3rd)\u2014are referred to as &#8220;Ko-Goto&#8221; (Old Goto), and highly valued for their artistry. Mitsutoshi, the son of the fourteenth head Goto Keijo, passed away in 1834 at the age of 55.<\/span><\/p>\n<p><span style=\"color: #000000;\" data-preserver-spaces=\"true\">\u00a0At the bottom of the signature, a ka\u014d (\u82b1\u62bc) is also inscribed\u2014a stylized and often abstract personal seal traditionally used by Japanese artists and samurai to authenticate their works. The ka\u014d functioned both as a mark of identity and as an element of personal expression.\u00a0\u00a0<\/span><\/p>\n<p><span style=\"color: #000000;\">\u00a0Also, this kozuka also has a notable provenance, having been passed down through the Tsugaru family (\u6d25\u8efd\u5bb6), a prominent samurai clan that once ruled the Hirosaki Domain in northern Japan(Today&#8217;s Aomori prefecture). The piece is published in the <em data-start=\"255\" data-end=\"274\">T\u014ds\u014dgu Y\u016bhin Zufu<\/em> (Illustrated Catalog of Excellent Sword Fittings), further attesting to its historical and artistic significance.<\/span><\/p>\n<p><span style=\"color: #000000;\">\u00a0*As this item is an antique, please check each photo and ensure its condition.<\/span><\/p>\n<p><span style=\"color: #000000;\"><strong>What is Kozuka? <\/strong><\/span><br \/>\n<span style=\"color: #000000;\">\u00a0Kozuka is the small knife stored in Kozuka Hitsu (groove of the sheath of the Japanese sword). Many Tsubas (handguard) have two holes to put Kozuka and Kougai (equipment for appearance) next to Nakagoana (a hole of the Tsuba to put sword), so that Samurai didn&#8217;t need to draw his sword out of the scabbard when he wanted to use Kozuka or Kougai. Initially, Samurai used it for cutting wood or attacking enemies in an emergency. It is said that Kozuka was used as a craft knife rather than a weapon.<\/span><\/p>\n<p><span style=\"color: #000000;\">\u00a0The decorative designs of Kozuka were more emphasized than its practical use in the Edo period when Samurai society enjoyed one of the most peaceful times. And there were many ornamental Kozuka and Kougai created by Japanese metalworkers.<\/span><\/p>\n<p><span style=\"color: #000000;\"><strong>Why is it that the sword mounting was important for Samurai?<\/strong><\/span><br \/>\n<span style=\"color: #000000;\">\u00a0The sword mountings of the Japanese sword have many kinds of decorations such as handguards (Tsuba), sword hilt (Menuki), pommel (Fuchi Kashira). The Japanese sword worked as a weapon and as an object to show who he was. For example, it shows their personalities and beliefs. You could say that it is like decorations for smartphones today. We recommend you zoom in on the pictures of the sword fittings. When you do so, you can see the skill of Japanese metal engraving techniques. They are mainly made of iron and copper with inlays of gold, silver, and bronze. When it comes to handguard (Tsuba), each one has a different outline and weight. These sword fittings that have lived with Japanese swords of the same age might be worth as much as the Japanese swords. They are inconspicuous parts of the Japanese sword. Nevertheless, if you are knowledgeable or particular about it, you will become a connoisseur of the Samurai.<\/span><\/p>\n<p><img loading=\"lazy\" decoding=\"async\" class=\" wp-image-4478 alignnone\" src=\"https:\/\/www.samuraimuseum.jp\/shop\/wp-content\/uploads\/2025\/07\/2025-07-17-043-1-scaled.jpg\" alt=\"\" width=\"300\" height=\"126\" \/><br \/>\n<img loading=\"lazy\" decoding=\"async\" class=\" wp-image-4478 alignnone\" src=\"https:\/\/www.samuraimuseum.jp\/shop\/wp-content\/uploads\/2025\/07\/2025-07-17-044-1-scaled.jpg\" alt=\"\" width=\"300\" height=\"126\" \/><br \/>\n<img loading=\"lazy\" decoding=\"async\" class=\" wp-image-4478 alignnone\" src=\"https:\/\/www.samuraimuseum.jp\/shop\/wp-content\/uploads\/2025\/07\/2025-07-17-036-1-scaled.jpg\" alt=\"\" width=\"300\" height=\"126\" \/><\/p>\n<p><span style=\"font-size: 12pt;\"><span style=\"color: #008080;\"><strong>Authentication Paper<\/strong><\/span>: <span style=\"color: #000000;\"><strong>NBTHK Hozon Certificate<\/strong><\/span><\/span><\/p>\n<p><span style=\"color: #000000;\">\u00a0NBTHK, also known as Nihon Bijutsu Touken Hozon Kyokai (the Society for the Preservation of the Japan Art Sword), is one of the oldest Japanese sword appraising organizations in modern-day Japan. They authenticated the Kozuka on December 20th in the 6th year of Reiwa (2024). They appraised it as Hozon Tousougu, the Kozuka worth preserving for Japanese society. The purchaser will receive this original certificate as well. We can also translate what is written into English and make a PDF file for your record if you request.<\/span><\/p>\n<p><img loading=\"lazy\" decoding=\"async\" class=\" wp-image-4478 alignnone\" src=\"https:\/\/www.samuraimuseum.jp\/shop\/wp-content\/uploads\/2025\/07\/2025-07-17-062-1-scaled.jpg\" alt=\"\" width=\"389\" height=\"274\" \/><\/p>\n<hr \/>\n<p><strong><span style=\"color: #000000;\">\u3010About us\u3011<\/span><\/strong><br \/>\n<span style=\"color: #000000;\">\u00a0Samurai Museum is located in Tokyo, Japan, exhibiting antique artifacts related to the Samurai history. Samurai Museum Shop is the place for those who are interested in Japanese culture and craftsmanship. We deal with antique Samurai swords\/armor, traditional crafts made in Japan and so on. <\/span><\/p>\n<p><a title=\"About Samurai Museum\" href=\"https:\/\/www.samuraimuseum.jp\/shop\/about-us\/\" target=\"_blank\" rel=\"noopener noreferrer\"><img loading=\"lazy\" decoding=\"async\" class=\" wp-image-4478 alignnone\" src=\"https:\/\/www.samuraimuseum.jp\/shop\/wp-content\/uploads\/2020\/07\/5623eabfdde4147c0ecdc704028c6ecd.jpg\" alt=\"\" width=\"355\" height=\"155\" \/><\/a><\/p>\n<p><span style=\"color: #000000;\"><strong>\u3010Payment method\u3011<\/strong><\/span><br \/>\n<span style=\"color: #000000;\">\u00a0We accept payment through <strong>Stripe<\/strong> (Credit card), <strong>PayPal<\/strong>, Apple Pay or ChromePay, all of which are secure payment methods. Also, you don\u2019t need to make an account on Stripe for the checkout. If you prefer other payment method, please contact us. You may either pay in <strong>JPY<\/strong>, <strong>USD<\/strong>, <strong>AUD<\/strong>, <strong>CAD<\/strong>, <strong>EUR<\/strong>, <strong>CHF<\/strong> or <strong>GBP<\/strong>. The price is set in Japanese Yen. Prices in other currencies are automatically calculated based on the latest exchange rate.\u00a0<\/span><\/p>\n<p><img loading=\"lazy\" decoding=\"async\" class=\" wp-image-4478 alignnone\" src=\"https:\/\/www.samuraimuseum.jp\/shop\/wp-content\/uploads\/2020\/12\/SSL_payment_1222-01-1.jpg\" alt=\"\" width=\"351\" height=\"117\" \/><\/p>\n<p><strong>\u3010Antique Japanese Kozuka and Export process\u3011<\/strong><br \/>\nAfter receiving the full payment from you, we will apply for its export permit from the Board of Education to legally export the Kozuka to other countries. It normally takes around 2 to 4 weeks to receive this permit. And we would like you to expect at least 1.0 \u2013 1.5 months for your order to arrive at your given address after you ordered.<\/p>\n<p><span style=\"color: #000000;\"><strong>\u3010Shipping duration\u3011<\/strong><\/span><br \/>\n<span style=\"color: #000000;\">\u00a0We normally ship via EMS (Express Mail Service) provided by Japan Post. It usually takes at least 5-14 days to deliver the package after you place an order. Time of delivery is estimated as accurately as possible by the carrier but does not take into account any delays beyond our control such as by inclement weather, post office holiday seasons.<\/span><\/p>\n<p><span style=\"color: #000000;\">\u00a0We offer <span style=\"color: #3366ff;\"><strong>Free International Shipping<\/strong><\/span> as long as we can ship your order by EMS. If you prefer other shipping carriers, please contact us.<\/span><br \/>\n<span style=\"color: #000000;\">\u00a0We will inform you of the order&#8217;s tracking number via email. Please make sure you fill out your valid email address correctly.<\/span><\/p>\n<p><strong>*Please keep in mind that due to the spread of COVID-19, there might be possible delays in delivery. If you like to make sure if EMS shipping is available to your country, please contact us.<\/strong><\/p>\n<p><img loading=\"lazy\" decoding=\"async\" class=\" wp-image-4478 alignnone\" src=\"https:\/\/www.samuraimuseum.jp\/shop\/wp-content\/uploads\/2020\/10\/48026a8af882b8fafae180fa48fbd5f4.jpg\" alt=\"\" width=\"257\" height=\"60\" \/><\/p>\n<p><span style=\"color: #000000;\"><strong>\u3010How to make sure the condition\u3011<\/strong><\/span><br \/>\n<span style=\"color: #000000;\">\u00a0Please keep in mind that what you are going to purchase is an antique item. We uploaded high resolution photos for you to check its condition thoroughly. If you like to see more photos with different angles, please feel free to contact us. We will be happy to send them to you so that you can make informed decision.\u00a0<\/span><\/p>\n<p><span style=\"color: #000000;\">\u00a0It is essential for us to know that you are happy with your choice of Kozuka and we are prepared to use the best of our ability to serve you.<\/span><\/p>\n<p>&nbsp;<\/p>\n<p><span style=\"color: #000000;\">\u00a0Would you like see some more Kozuka for sale? Please check the link below. We hope you can find your favorite Kozuka.<\/span><br \/>\n<span style=\"text-decoration: underline;\"><a href=\"https:\/\/www.samuraimuseum.jp\/shop\/product-category\/decorations\/koduka\/\" target=\"_blank\" rel=\"noopener noreferrer\"><span style=\"color: #000080; text-decoration: underline;\"><strong>https:\/\/www.samuraimuseum.jp\/shop\/product-category\/decorations\/koduka\/<\/strong><\/span><\/a><\/span><\/p>\n","protected":false},"excerpt":{"rendered":"<p><img loading=\"lazy\" decoding=\"async\" class=\" wp-image-4478 alignnone\" src=\"https:\/\/www.samuraimuseum.jp\/shop\/wp-content\/uploads\/2020\/10\/mij_fs_icon_1023-05.jpg\" alt=\"\" width=\"113\" height=\"40\" \/> <img loading=\"lazy\" decoding=\"async\" class=\" wp-image-4478 alignnone\" src=\"https:\/\/www.samuraimuseum.jp\/shop\/wp-content\/uploads\/2020\/10\/mij_fs_icon_1023-07.jpg\" alt=\"\" width=\"113\" height=\"48\" \/><\/p>\n<p><span style=\"color: #0000ff;\"><strong>Delivery Time<\/strong><\/span><span style=\"color: #000000;\">: 1-1.5 months<\/span><br \/>\n<span style=\"color: #000000;\">*Delivery may take longer, depending on countries or holiday seasons.<\/span><\/p>\n<p><span style=\"color: #000000;\"><strong>INCLUDED<\/strong>: Wooden box, NBTHK Hozon Certificate<\/span><\/p>\n<p><span style=\"color: #000000;\"><strong>Title: Futamigaura <\/strong><\/span><span style=\"color: #000000;\"><strong>Zu (\u4e8c\u898b\u30f6\u6d66\u56f3)<\/strong><\/span><\/p>\n<p><span style=\"color: #000000;\">Signature: \u5f8c\u85e4\u5149\u7f8e (Goto Mitsutoshi)\u3000<\/span><br \/>\n<span style=\"color: #000000;\">Age: Late Edo period (18th\u201319th centuries)<\/span><br \/>\n<span style=\"color: #000000;\">Material: Shibuichi (\u56db\u5206\u4e00, the mixture of copper and silver)<\/span><\/p>\n<table style=\"width: 47.07%; height: 55px; border-collapse: collapse;\">\n<tbody>\n<tr>\n<td style=\"border-color: #575129; width: 14.11%; background-color: #575129; text-align: center;\"><span style=\"color: #ffffff;\">Size<\/span><\/td>\n<td style=\"border-color: #575129; width: 20.01%; background-color: #575129; text-align: center;\"><span style=\"color: #ffffff;\">Thickness<\/span><\/td>\n<td style=\"border-color: #575129; width: 14.07%; background-color: #575129; text-align: center;\"><span style=\"color: #ffffff;\">Weight<\/span><\/td>\n<\/tr>\n<tr>\n<td style=\"width: 14.11%; text-align: center;\">1.4cm\u00d79.7cm<\/td>\n<td style=\"width: 20.01%; text-align: center;\">0.4cm<\/td>\n<td style=\"width: 14.07%; text-align: center;\">35g<\/td>\n<\/tr>\n<\/tbody>\n<\/table>\n<p><span style=\"color: #000000;\">You can enlarge all the photos to see the detail of the item.<\/span><\/p>\n","protected":false},"featured_media":72640,"template":"","meta":[],"product_brand":[],"product_cat":[25,56],"product_tag":[184],"class_list":{"0":"post-72526","1":"product","2":"type-product","3":"status-publish","4":"has-post-thumbnail","6":"product_cat-decorations","7":"product_cat-koduka","8":"product_tag-hozon-tosogu","10":"first","11":"instock","12":"shipping-taxable","13":"purchasable","14":"product-type-simple","15":"add-to-wishlist-after_add_to_cart","16":"customify-col","17":"product-has-gallery"},"aioseo_notices":[],"_links":{"self":[{"href":"https:\/\/www.samuraimuseum.jp\/shop\/wp-json\/wp\/v2\/product\/72526","targetHints":{"allow":["GET"]}}],"collection":[{"href":"https:\/\/www.samuraimuseum.jp\/shop\/wp-json\/wp\/v2\/product"}],"about":[{"href":"https:\/\/www.samuraimuseum.jp\/shop\/wp-json\/wp\/v2\/types\/product"}],"wp:featuredmedia":[{"embeddable":true,"href":"https:\/\/www.samuraimuseum.jp\/shop\/wp-json\/wp\/v2\/media\/72640"}],"wp:attachment":[{"href":"https:\/\/www.samuraimuseum.jp\/shop\/wp-json\/wp\/v2\/media?parent=72526"}],"wp:term":[{"taxonomy":"product_brand","embeddable":true,"href":"https:\/\/www.samuraimuseum.jp\/shop\/wp-json\/wp\/v2\/product_brand?post=72526"},{"taxonomy":"product_cat","embeddable":true,"href":"https:\/\/www.samuraimuseum.jp\/shop\/wp-json\/wp\/v2\/product_cat?post=72526"},{"taxonomy":"product_tag","embeddable":true,"href":"https:\/\/www.samuraimuseum.jp\/shop\/wp-json\/wp\/v2\/product_tag?post=72526"}],"curies":[{"name":"wp","href":"https:\/\/api.w.org\/{rel}","templated":true}]}}