{"id":72514,"date":"2025-07-27T11:37:23","date_gmt":"2025-07-27T02:37:23","guid":{"rendered":"https:\/\/www.samuraimuseum.jp\/shop\/?post_type=product&#038;p=72514"},"modified":"2025-07-27T21:25:53","modified_gmt":"2025-07-27T12:25:53","slug":"antique-kozuka-for-samurai-sword-with-nbthk-hozon-certificate-k-78","status":"publish","type":"product","link":"https:\/\/www.samuraimuseum.jp\/shop\/product\/antique-kozuka-for-samurai-sword-with-nbthk-hozon-certificate-k-78\/","title":{"rendered":"Antique Kozuka<br> for Samurai Sword<br> with NBTHK <strong><span style=\"color: #ff0000;\">Hozon<\/span><\/strong> Certificate (K-78)"},"content":{"rendered":"<p><span style=\"color: #000000; font-size: 14pt;\"><strong>Title: <span style=\"color: #000000;\">Ken-Hanabishi <\/span><span style=\"color: #000000;\">Zu<\/span><\/strong><\/span><\/p>\n<p><span style=\"color: #000000;\"><strong>Description<\/strong><\/span><br \/>\n<span style=\"color: #000000;\" data-preserver-spaces=\"true\">\u00a0This kozuka is crafted from shakud\u014d, a traditional Japanese alloy of copper and gold, known for its deep blue-black patina. It features high-relief carving (\u9ad8\u5f6b, takabori) and is adorned with gold and silver inlay (\u8272\u7d75, iroe), creating a richly detailed and elegant decorative effect.<br \/>\n<\/span><\/p>\n<p><span style=\"color: #000000;\" data-preserver-spaces=\"true\">\u00a0The theme of this kozuka is Ken-Hanabishi, a traditional Japanese family crest that combines the elegant hanabishi (diamond-shaped flower) motif with the powerful imagery of swords. As one of the Three Sacred Treasures of Japan, the sword has long been revered as a symbol of martial strength and valor, often incorporated into crests to convey a warrior spirit.<br data-start=\"665\" data-end=\"668\" \/>Ken-Hanabishi crests come in many variations; one notable example is the &#8220;Maru-ni Ken-Hanabishi&#8221; (Ken-Hanabishi within a circle), famously used by Katsu Kaish\u016b(\u52dd\u6d77\u821f), a key figure in the final years of the Edo period. This motif reflects the unique Japanese aesthetic that blends dignity and grace\u2014combining the symbolic strength of the sword with the delicate beauty of floral design.<br \/>\n<\/span><\/p>\n<p><span style=\"color: #000000;\" data-preserver-spaces=\"true\">\u00a0This kozuka bears the signature of Ishiguro Masayoshi (\u77f3\u9ed2\u653f\u7f8e), a renowned metalworker born in 1774. He initially studied under Sano Naoyoshi and later became a pupil of Ishiguro Masatsune I. Together with his fellow disciple Masaaki, he rose to prominence as a leading figure of the Ishiguro school, a distinguished branch of the Yokoya lineage of Edo-period metalwork. His family name was Okamoto, his common name was Sh\u014dz\u014d, and his art names included Juga-sai and Ju\u014d-sai.<\/span><\/p>\n<p><span style=\"color: #000000;\" data-preserver-spaces=\"true\">\u00a0At the bottom of the signature, a ka\u014d (\u82b1\u62bc) is also inscribed\u2014a stylized and often abstract personal seal traditionally used by Japanese artists and samurai to authenticate their works. The ka\u014d functioned both as a mark of identity and as an element of personal expression.\u00a0\u00a0<\/span><\/p>\n<p><span style=\"color: #000000;\">\u00a0*As this item is an antique, please check each photo and ensure its condition.<\/span><\/p>\n<p><span style=\"color: #000000;\"><strong>What is Kozuka? <\/strong><\/span><br \/>\n<span style=\"color: #000000;\">\u00a0Kozuka is the small knife stored in Kozuka Hitsu (groove of the sheath of the Japanese sword). Many Tsubas (handguard) have two holes to put Kozuka and Kougai (equipment for appearance) next to Nakagoana (a hole of the Tsuba to put sword), so that Samurai didn&#8217;t need to draw his sword out of the scabbard when he wanted to use Kozuka or Kougai. Initially, Samurai used it for cutting wood or attacking enemies in an emergency. It is said that Kozuka was used as a craft knife rather than a weapon.<\/span><\/p>\n<p><span style=\"color: #000000;\">\u00a0The decorative designs of Kozuka were more emphasized than its practical use in the Edo period when Samurai society enjoyed one of the most peaceful times. And there were many ornamental Kozuka and Kougai created by Japanese metalworkers.<\/span><\/p>\n<p><span style=\"color: #000000;\"><strong>Why is it that the sword mounting was important for Samurai?<\/strong><\/span><br \/>\n<span style=\"color: #000000;\">\u00a0The sword mountings of the Japanese sword have many kinds of decorations such as handguards (Tsuba), sword hilt (Menuki), pommel (Fuchi Kashira). The Japanese sword worked as a weapon and as an object to show who he was. For example, it shows their personalities and beliefs. You could say that it is like decorations for smartphones today. We recommend you zoom in on the pictures of the sword fittings. When you do so, you can see the skill of Japanese metal engraving techniques. They are mainly made of iron and copper with inlays of gold, silver, and bronze. When it comes to handguard (Tsuba), each one has a different outline and weight. These sword fittings that have lived with Japanese swords of the same age might be worth as much as the Japanese swords. They are inconspicuous parts of the Japanese sword. Nevertheless, if you are knowledgeable or particular about it, you will become a connoisseur of the Samurai.<\/span><\/p>\n<p><img loading=\"lazy\" decoding=\"async\" class=\" wp-image-4478 alignnone\" src=\"https:\/\/www.samuraimuseum.jp\/shop\/wp-content\/uploads\/2025\/07\/2025-07-17-041-1-scaled.jpg\" alt=\"\" width=\"300\" height=\"126\" \/><br \/>\n<img loading=\"lazy\" decoding=\"async\" class=\" wp-image-4478 alignnone\" src=\"https:\/\/www.samuraimuseum.jp\/shop\/wp-content\/uploads\/2025\/07\/2025-07-17-042-1-scaled.jpg\" alt=\"\" width=\"300\" height=\"126\" \/><br \/>\n<img loading=\"lazy\" decoding=\"async\" class=\" wp-image-4478 alignnone\" src=\"https:\/\/www.samuraimuseum.jp\/shop\/wp-content\/uploads\/2025\/07\/2025-07-17-035-1-scaled.jpg\" alt=\"\" width=\"300\" height=\"126\" \/><\/p>\n<p><span style=\"font-size: 12pt;\"><span style=\"color: #008080;\"><strong>Authentication Paper<\/strong><\/span>: <span style=\"color: #000000;\"><strong>NBTHK Hozon Certificate (No.)<\/strong><\/span><\/span><\/p>\n<p><span style=\"color: #000000;\">\u00a0NBTHK, also known as Nihon Bijutsu Touken Hozon Kyokai (the Society for the Preservation of the Japan Art Sword), is one of the oldest Japanese sword appraising organizations in modern-day Japan. They authenticated the Kozuka on July 14th in the 5th year of Reiwa (2023). They appraised it as Hozon Tousougu, the Kozuka worth preserving for Japanese society. The purchaser will receive this original certificate as well. We can also translate what is written into English and make a PDF file for your record if you request.<\/span><\/p>\n<p><img loading=\"lazy\" decoding=\"async\" class=\" wp-image-4478 alignnone\" src=\"https:\/\/www.samuraimuseum.jp\/shop\/wp-content\/uploads\/2025\/07\/2025-07-17-060-1-scaled.jpg\" alt=\"\" width=\"389\" height=\"274\" \/><\/p>\n<hr \/>\n<p><strong><span style=\"color: #000000;\">\u3010About us\u3011<\/span><\/strong><br \/>\n<span style=\"color: #000000;\">\u00a0Samurai Museum is located in Tokyo, Japan, exhibiting antique artifacts related to the Samurai history. Samurai Museum Shop is the place for those who are interested in Japanese culture and craftsmanship. We deal with antique Samurai swords\/armor, traditional crafts made in Japan and so on. <\/span><\/p>\n<p><a title=\"About Samurai Museum\" href=\"https:\/\/www.samuraimuseum.jp\/shop\/about-us\/\" target=\"_blank\" rel=\"noopener noreferrer\"><img loading=\"lazy\" decoding=\"async\" class=\" wp-image-4478 alignnone\" src=\"https:\/\/www.samuraimuseum.jp\/shop\/wp-content\/uploads\/2020\/07\/5623eabfdde4147c0ecdc704028c6ecd.jpg\" alt=\"\" width=\"355\" height=\"155\" \/><\/a><\/p>\n<p><span style=\"color: #000000;\"><strong>\u3010Payment method\u3011<\/strong><\/span><br \/>\n<span style=\"color: #000000;\">\u00a0We accept payment through <strong>Stripe<\/strong> (Credit card), <strong>PayPal<\/strong>, Apple Pay or ChromePay, all of which are secure payment methods. Also, you don\u2019t need to make an account on Stripe for the checkout. If you prefer other payment method, please contact us. You may either pay in <strong>JPY<\/strong>, <strong>USD<\/strong>, <strong>AUD<\/strong>, <strong>CAD<\/strong>, <strong>EUR<\/strong>, <strong>CHF<\/strong> or <strong>GBP<\/strong>. The price is set in Japanese Yen. Prices in other currencies are automatically calculated based on the latest exchange rate.\u00a0<\/span><\/p>\n<p><img loading=\"lazy\" decoding=\"async\" class=\" wp-image-4478 alignnone\" src=\"https:\/\/www.samuraimuseum.jp\/shop\/wp-content\/uploads\/2020\/12\/SSL_payment_1222-01-1.jpg\" alt=\"\" width=\"351\" height=\"117\" \/><\/p>\n<p><strong>\u3010Antique Japanese Kozuka and Export process\u3011<\/strong><br \/>\nAfter receiving the full payment from you, we will apply for its export permit from the Board of Education to legally export the Kozuka to other countries. It normally takes around 2 to 4 weeks to receive this permit. And we would like you to expect at least 1.0 \u2013 1.5 months for your order to arrive at your given address after you ordered.<\/p>\n<p><span style=\"color: #000000;\"><strong>\u3010Shipping duration\u3011<\/strong><\/span><br \/>\n<span style=\"color: #000000;\">\u00a0We normally ship via EMS (Express Mail Service) provided by Japan Post. It usually takes at least 5-14 days to deliver the package after you place an order. Time of delivery is estimated as accurately as possible by the carrier but does not take into account any delays beyond our control such as by inclement weather, post office holiday seasons.<\/span><\/p>\n<p><span style=\"color: #000000;\">\u00a0We offer <span style=\"color: #3366ff;\"><strong>Free International Shipping<\/strong><\/span> as long as we can ship your order by EMS. If you prefer other shipping carriers, please contact us.<\/span><br \/>\n<span style=\"color: #000000;\">\u00a0We will inform you of the order&#8217;s tracking number via email. Please make sure you fill out your valid email address correctly.<\/span><\/p>\n<p><img loading=\"lazy\" decoding=\"async\" class=\" wp-image-4478 alignnone\" src=\"https:\/\/www.samuraimuseum.jp\/shop\/wp-content\/uploads\/2020\/10\/48026a8af882b8fafae180fa48fbd5f4.jpg\" alt=\"\" width=\"257\" height=\"60\" \/><\/p>\n<p><span style=\"color: #000000;\"><strong>\u3010How to make sure the condition\u3011<\/strong><\/span><br \/>\n<span style=\"color: #000000;\">\u00a0Please keep in mind that what you are going to purchase is an antique item. We uploaded high resolution photos for you to check its condition thoroughly. If you like to see more photos with different angles, please feel free to contact us. We will be happy to send them to you so that you can make informed decision.\u00a0<\/span><\/p>\n<p><span style=\"color: #000000;\">\u00a0It is essential for us to know that you are happy with your choice of Kozuka and we are prepared to use the best of our ability to serve you.<\/span><\/p>\n<p>&nbsp;<\/p>\n<p><span style=\"color: #000000;\">\u00a0Would you like see some more Kozuka for sale? Please check the link below. We hope you can find your favorite Kozuka.<\/span><br \/>\n<span style=\"text-decoration: underline;\"><a href=\"https:\/\/www.samuraimuseum.jp\/shop\/product-category\/decorations\/koduka\/\" target=\"_blank\" rel=\"noopener noreferrer\"><span style=\"color: #000080; text-decoration: underline;\"><strong>https:\/\/www.samuraimuseum.jp\/shop\/product-category\/decorations\/koduka\/<\/strong><\/span><\/a><\/span><\/p>\n","protected":false},"excerpt":{"rendered":"<p><img loading=\"lazy\" decoding=\"async\" class=\" wp-image-4478 alignnone\" src=\"https:\/\/www.samuraimuseum.jp\/shop\/wp-content\/uploads\/2020\/10\/mij_fs_icon_1023-05.jpg\" alt=\"\" width=\"113\" height=\"40\" \/> <img loading=\"lazy\" decoding=\"async\" class=\" wp-image-4478 alignnone\" src=\"https:\/\/www.samuraimuseum.jp\/shop\/wp-content\/uploads\/2020\/10\/mij_fs_icon_1023-07.jpg\" alt=\"\" width=\"113\" height=\"48\" \/><\/p>\n<p><span style=\"color: #0000ff;\"><strong>Delivery Time<\/strong><\/span><span style=\"color: #000000;\">: 1-1.5 months<\/span><br \/>\n<span style=\"color: #000000;\">*Delivery may take longer, depending on countries or holiday seasons.<\/span><\/p>\n<p><span style=\"color: #000000;\"><strong>INCLUDED<\/strong>: Wooden box, NBTHK Hozon Certificate<\/span><\/p>\n<p><span style=\"color: #000000;\"><strong>Title: Ken-Hanabishi <\/strong><\/span><span style=\"color: #000000;\"><strong>Zu (\u5263\u82b1\u83f1\u56f3)<\/strong><\/span><\/p>\n<p><span style=\"color: #000000;\">Signature: \u77f3\u9ed2\u653f\u7f8e (Ishiguro Masayoshi)\u3000<\/span><br \/>\n<span style=\"color: #000000;\">Age: Late Edo period (18th\u201319th centuries)<\/span><br \/>\n<span style=\"color: #000000;\">Material: Shakud\u014d (\u8d64\u9285, a traditional Japanese alloy of copper and gold)<\/span><\/p>\n<table style=\"width: 47.07%; height: 55px; border-collapse: collapse;\">\n<tbody>\n<tr>\n<td style=\"border-color: #575129; width: 14.11%; background-color: #575129; text-align: center;\"><span style=\"color: #ffffff;\">Size<\/span><\/td>\n<td style=\"border-color: #575129; width: 20.01%; background-color: #575129; text-align: center;\"><span style=\"color: #ffffff;\">Thickness<\/span><\/td>\n<td style=\"border-color: #575129; width: 14.07%; background-color: #575129; text-align: center;\"><span style=\"color: #ffffff;\">Weight<\/span><\/td>\n<\/tr>\n<tr>\n<td style=\"width: 14.11%; text-align: center;\">1.4cm\u00d79.7cm<\/td>\n<td style=\"width: 20.01%; text-align: center;\">0.4cm<\/td>\n<td style=\"width: 14.07%; text-align: center;\">35g<\/td>\n<\/tr>\n<\/tbody>\n<\/table>\n<p><span style=\"color: #000000;\">You can enlarge all the photos to see the detail of the item.<\/span><\/p>\n","protected":false},"featured_media":72639,"template":"","meta":[],"product_brand":[],"product_cat":[25,56],"product_tag":[184],"class_list":{"0":"post-72514","1":"product","2":"type-product","3":"status-publish","4":"has-post-thumbnail","6":"product_cat-decorations","7":"product_cat-koduka","8":"product_tag-hozon-tosogu","10":"first","11":"instock","12":"shipping-taxable","13":"purchasable","14":"product-type-simple","15":"add-to-wishlist-after_add_to_cart","16":"customify-col","17":"product-has-gallery"},"aioseo_notices":[],"_links":{"self":[{"href":"https:\/\/www.samuraimuseum.jp\/shop\/wp-json\/wp\/v2\/product\/72514","targetHints":{"allow":["GET"]}}],"collection":[{"href":"https:\/\/www.samuraimuseum.jp\/shop\/wp-json\/wp\/v2\/product"}],"about":[{"href":"https:\/\/www.samuraimuseum.jp\/shop\/wp-json\/wp\/v2\/types\/product"}],"wp:featuredmedia":[{"embeddable":true,"href":"https:\/\/www.samuraimuseum.jp\/shop\/wp-json\/wp\/v2\/media\/72639"}],"wp:attachment":[{"href":"https:\/\/www.samuraimuseum.jp\/shop\/wp-json\/wp\/v2\/media?parent=72514"}],"wp:term":[{"taxonomy":"product_brand","embeddable":true,"href":"https:\/\/www.samuraimuseum.jp\/shop\/wp-json\/wp\/v2\/product_brand?post=72514"},{"taxonomy":"product_cat","embeddable":true,"href":"https:\/\/www.samuraimuseum.jp\/shop\/wp-json\/wp\/v2\/product_cat?post=72514"},{"taxonomy":"product_tag","embeddable":true,"href":"https:\/\/www.samuraimuseum.jp\/shop\/wp-json\/wp\/v2\/product_tag?post=72514"}],"curies":[{"name":"wp","href":"https:\/\/api.w.org\/{rel}","templated":true}]}}