{"id":69522,"date":"2025-05-31T16:30:48","date_gmt":"2025-05-31T07:30:48","guid":{"rendered":"https:\/\/www.samuraimuseum.jp\/shop\/?post_type=product&#038;p=69522"},"modified":"2025-06-01T17:01:32","modified_gmt":"2025-06-01T08:01:32","slug":"antique-fuchi-kashira-and-menuki-for-samurai-sword-fm-01","status":"publish","type":"product","link":"https:\/\/www.samuraimuseum.jp\/shop\/product\/antique-fuchi-kashira-and-menuki-for-samurai-sword-fm-01\/","title":{"rendered":"Antique Fuchi Kashira and Menuki for Samurai Sword (FM-01)"},"content":{"rendered":"<p><span style=\"color: #000000; font-size: 14pt;\"><strong>Title: Kassen<span style=\"color: #000000;\">-Zu<\/span><\/strong><\/span><\/p>\n<p><span style=\"color: #000000;\"><strong>Description<\/strong><\/span><\/p>\n<p><span style=\"color: #000000;\">\u00a0This item is a matching set of fuchi-kashira (hilt collar and pommel cap) and menuki (hilt ornaments). All components share a unifying theme centered around warfare and historical battles in Japan.<\/span><\/p>\n<p><span style=\"color: #000000;\">\u00a0The theme of this fuchi-kashira (hilt collar and pommel cap) appears to depict scenes from a famous historical conflict known as the Genpei War (\u6e90\u5e73\u5408\u6226,1180\u20131185), a civil war between the Taira (\u5e73\u5bb6, Heike) and Minamoto (\u6e90\u6c0f, Genji) clans that marked the end of the Heian period in Japan. <\/span><br \/>\n<span style=\"color: #000000;\">\u00a0The fuchi (collar) likely illustrates the Battle of Dan-no-ura(\u58c7\u30ce\u6d66\u306e\u6226\u3044), a dramatic naval battle that took place in 1185 and resulted in the fall of the Taira clan. The kashira (pommel cap) seems to represent the Battle of Yashima(\u5c4b\u5cf6\u306e\u6226\u3044), another key engagement in which the Minamoto clan gained a crucial victory. These battles are among the most iconic in Japanese history and are often depicted in traditional art to symbolize bravery, loyalty, and the rise and fall of great houses.<\/span><\/p>\n<p data-start=\"57\" data-end=\"346\"><span style=\"color: #000000;\">\u00a0The theme of this menuki (hilt ornament) appears to center on martial equipment used in battle, specifically a spear and a war banner (hatajirushi). These were essential items on the battlefield in feudal Japan, used both for combat and as symbols of command or spiritual devotion.<br \/>\nThe spear depicted here is a distinctive kata-kama yari (\u7247\u938c\u69cd), a type of spear with an asymmetrical blade featuring a single curved hook. \u00a0The banner bears what appears to be the inscription &#8220;Namu My\u014dh\u014d Renge Ky\u014d&#8221; (\u5357\u7121\u5999\u6cd5\u84ee\u83ef\u7d4c), a Buddhist chant from the Lotus Sutra, often associated with samurai who followed Nichiren Buddhism. Given these details\u2014the hooked spear and the banner with this invocation\u2014the motif is likely inspired by Kat\u014d Kiyomasa, a famous samurai and military commander from the late 16th to early 17th century. Kiyomasa was known for his martial prowess, devout faith in Nichiren Buddhism, and use of such distinctive weapons and banners in his campaigns.<\/span><\/p>\n<p><span style=\"color: #000000;\">\u00a0*As this item is an antique, please check each photo and ensure its condition.<\/span><\/p>\n<p><span style=\"color: #000000;\"><strong>What is Fuchi Kashira?<br \/>\n<\/strong>\u00a0Fuchi Kashira is a kind of metal fitting of the Japanese sword, which improves the handle&#8217;s strength. Fuchi Kashira is a combination of two parts; Fuchi and Kashira. Fuchi was put next to Tsuba (hand-guard), and Kashira was put on the grip bottle. Fuchi Kashira had developed not only its practicality but also beauty for the decoration of the Japanese sword.<\/span><\/p>\n<p><span style=\"color: #000000;\"><strong>What is Menuki?<\/strong><\/span><br \/>\n<span style=\"color: #000000;\">\u00a0Menuki is a kind of metal fitting of the Japanese sword, which was initially put into the handle&#8217;s hole. It covers Mekugi so that the blade of a sword will be fixed. Originally, Menuki was used to hold Mekugi, but they became separated over time. And then, Menuki had developed its practicality and beauty for the decoration of the Japanese sword.<br \/>\n<\/span><\/p>\n<p><span style=\"color: #000000;\">\u00a0Menuki became more decorative than in early modern times. Since it had been attached under the Tsukamaki (the handle of the Japanese sword wrapped by thread), Menuki played an essential role in making it easier to grip the sword&#8217;s handle.<\/span><\/p>\n<p><span style=\"color: #000000;\"><strong>Why is it that the sword mounting was important for Samurai?<\/strong><\/span><br \/>\n<span style=\"color: #000000;\">\u00a0The sword mountings of the Japanese sword have many kinds of decorations such as handguards (Tsuba), sword hilt (Menuki), pommel (Fuchi Kashira). The Japanese sword worked as a weapon and as an object to show who he was. For example, it shows their personalities and beliefs. You could say that it is like decorations for smartphones today. We recommend you zoom in on the pictures of the sword fittings. When you do so, you can see the skill of Japanese metal engraving techniques. They are mainly made of iron and copper with inlays of gold, silver, and bronze. When it comes to handguard (Tsuba), each one has a different outline and weight. These sword fittings that have lived with Japanese swords of the same age might be worth as much as the Japanese swords. They are inconspicuous parts of the Japanese sword. Nevertheless, if you are knowledgeable or particular about it, you will become a connoisseur of the Samurai.<\/span><\/p>\n<p><img loading=\"lazy\" decoding=\"async\" class=\" wp-image-4478 alignnone\" src=\"https:\/\/www.samuraimuseum.jp\/shop\/wp-content\/uploads\/2025\/05\/2025-05-26-034-1-scaled.jpg\" alt=\"\" width=\"530\" height=\"528\" \/> <img loading=\"lazy\" decoding=\"async\" class=\" wp-image-4478 alignnone\" src=\"https:\/\/www.samuraimuseum.jp\/shop\/wp-content\/uploads\/2025\/05\/2025-05-26-045-1-scaled.jpg\" alt=\"\" width=\"530\" height=\"528\" \/><br \/>\n<span style=\"color: #000000;\"><strong>Fuchi-kashira<\/strong><\/span><\/p>\n<p><img loading=\"lazy\" decoding=\"async\" class=\" wp-image-4478 alignnone\" src=\"https:\/\/www.samuraimuseum.jp\/shop\/wp-content\/uploads\/2025\/05\/2025-05-26-046-1-scaled.jpg\" alt=\"\" width=\"395\" height=\"282\" \/><br \/>\n<span style=\"color: #000000;\"><strong>Menuki A<\/strong><\/span><\/p>\n<p><img loading=\"lazy\" decoding=\"async\" class=\" wp-image-4478 alignnone\" src=\"https:\/\/www.samuraimuseum.jp\/shop\/wp-content\/uploads\/2025\/05\/2025-05-26-048-1-scaled.jpg\" alt=\"\" width=\"395\" height=\"282\" \/><\/p>\n<p><strong>Menuki B<\/strong><\/p>\n<hr \/>\n<p><strong><span style=\"color: #000000;\">\u3010About us\u3011<\/span><\/strong><br \/>\n<span style=\"color: #000000;\">\u00a0Samurai Museum is located in Tokyo, Japan, exhibiting antique artifacts related to the Samurai history. Samurai Museum Shop is the place for those who are interested in Japanese culture and craftsmanship. We deal with antique Samurai swords\/armor, traditional crafts made in Japan and so on. <\/span><\/p>\n<p><a title=\"About Samurai Museum\" href=\"https:\/\/www.samuraimuseum.jp\/shop\/about-us\/\" target=\"_blank\" rel=\"noopener noreferrer\"><img loading=\"lazy\" decoding=\"async\" class=\" wp-image-4478 alignnone\" src=\"https:\/\/www.samuraimuseum.jp\/shop\/wp-content\/uploads\/2020\/07\/5623eabfdde4147c0ecdc704028c6ecd.jpg\" alt=\"\" width=\"355\" height=\"155\" \/><\/a><\/p>\n<p><span style=\"color: #000000;\"><strong>\u3010Payment method\u3011<\/strong><\/span><br \/>\n<span style=\"color: #000000;\">\u00a0We accept payment through <strong>Stripe<\/strong> (Credit card), <strong>PayPal<\/strong>, Apple Pay or ChromePay, all of which are secure payment methods. Also, you don\u2019t need to make an account on Stripe for the checkout. If you prefer other payment method, please contact us. You may either pay in <strong>JPY<\/strong>, <strong>USD<\/strong>, <strong>AUD<\/strong>, <strong>CAD<\/strong>, <strong>EUR<\/strong>, <strong>CHF<\/strong> or <strong>GBP<\/strong>. The price is set in Japanese Yen. Prices in other currencies are automatically calculated based on the latest exchange rate.\u00a0<\/span><\/p>\n<p><img loading=\"lazy\" decoding=\"async\" class=\" wp-image-4478 alignnone\" src=\"https:\/\/www.samuraimuseum.jp\/shop\/wp-content\/uploads\/2020\/12\/SSL_payment_1222-01-1.jpg\" alt=\"\" width=\"351\" height=\"117\" \/><\/p>\n<p><span style=\"color: #000000;\"><strong>\u3010Shipping duration\u3011<\/strong><\/span><br \/>\n<span style=\"color: #000000;\">\u00a0We normally ship via EMS (Express Mail Service) provided by Japan Post. It usually takes at least 5-14 days to deliver the package after you place an order. Time of delivery is estimated as accurately as possible by the carrier but does not take into account any delays beyond our control such as by inclement weather, post office holiday seasons.<\/span><\/p>\n<p><span style=\"color: #000000;\">\u00a0We offer <span style=\"color: #3366ff;\"><strong>Free International Shipping<\/strong><\/span> as long as we can ship your order by EMS. If you prefer other shipping carriers, please contact us.<\/span><br \/>\n<span style=\"color: #000000;\">\u00a0We will inform you of the order&#8217;s tracking number via email. Please make sure you fill out your valid email address correctly.<\/span><\/p>\n<p><img loading=\"lazy\" decoding=\"async\" class=\" wp-image-4478 alignnone\" src=\"https:\/\/www.samuraimuseum.jp\/shop\/wp-content\/uploads\/2020\/10\/48026a8af882b8fafae180fa48fbd5f4.jpg\" alt=\"\" width=\"257\" height=\"60\" \/><\/p>\n<p><span style=\"color: #000000;\"><strong>\u3010How to make sure the condition\u3011<\/strong><\/span><br \/>\n<span style=\"color: #000000;\">\u00a0Please keep in mind that what you are going to purchase is an antique item. We uploaded high resolution photos for you to check its condition thoroughly. If you like to see more photos with different angles, please feel free to contact us. We will be happy to send them to you so that you can make informed decision.\u00a0<\/span><\/p>\n<p><span style=\"color: #000000;\">\u00a0It is essential for us to know that you are happy with your choice of Kozuka and we are prepared to use the best of our ability to serve you.<\/span><\/p>\n<p>&nbsp;<\/p>\n<p><span style=\"color: #000000;\">\u00a0Would you like see some more Kozuka for sale? Please check the link below. We hope you can find your favorite Kozuka.<\/span><br \/>\n<span style=\"text-decoration: underline;\"><a href=\"https:\/\/www.samuraimuseum.jp\/shop\/product-category\/decorations\/koduka\/\" target=\"_blank\" rel=\"noopener noreferrer\"><span style=\"color: #000080; text-decoration: underline;\"><strong>https:\/\/www.samuraimuseum.jp\/shop\/product-category\/decorations\/koduka\/<\/strong><\/span><\/a><\/span><\/p>\n<p>&nbsp;<\/p>\n","protected":false},"excerpt":{"rendered":"<p><img loading=\"lazy\" decoding=\"async\" class=\" wp-image-4478 alignnone\" src=\"https:\/\/www.samuraimuseum.jp\/shop\/wp-content\/uploads\/2020\/10\/mij_fs_icon_1023-05.jpg\" alt=\"\" width=\"113\" height=\"40\" \/> <img loading=\"lazy\" decoding=\"async\" class=\" wp-image-4478 alignnone\" src=\"https:\/\/www.samuraimuseum.jp\/shop\/wp-content\/uploads\/2020\/10\/mij_fs_icon_1023-07.jpg\" alt=\"\" width=\"113\" height=\"48\" \/><\/p>\n<p><span style=\"color: #0000ff;\"><strong>Delivery Time<\/strong><\/span><span style=\"color: #000000;\">: 5-14 months<\/span><br \/>\n<span style=\"color: #000000;\">*Delivery may take longer, depending on countries or holiday seasons.<\/span><\/p>\n<p><span style=\"color: #000000;\"><strong>INCLUDED<\/strong>: Wooden box<\/span><\/p>\n<p><span style=\"color: #000000;\"><strong>Title: Kassen Zu<br \/>\n<\/strong><\/span><span style=\"color: #000000;\">Signature: NO SIGNED<\/span><br \/>\n<span style=\"color: #000000;\">Age: Edo period<\/span><br \/>\n<span style=\"color: #000000;\">Material(Fuchi-Kashira): Copper<br \/>\n<\/span><span style=\"color: #000000;\">Material(Menuki): Shakudou (\u8d64\u9285, the mixture of copper and gold)<\/span><\/p>\n<p><span style=\"color: #000000;\">(Fuchi)<\/span><\/p>\n<table style=\"width: 47.07%; height: 55px; border-collapse: collapse;\">\n<tbody>\n<tr>\n<td style=\"border-color: #575129; width: 14.11%; background-color: #575129; text-align: center;\"><span style=\"color: #ffffff;\">Size<\/span><\/td>\n<td style=\"border-color: #575129; width: 19.1%; background-color: #575129; text-align: center;\"><span style=\"color: #ffffff;\">Thickness<\/span><\/td>\n<td style=\"border-color: #575129; width: 14.07%; background-color: #575129; text-align: center;\"><span style=\"color: #ffffff;\">Weight<\/span><\/td>\n<\/tr>\n<tr>\n<td style=\"width: 14.11%; text-align: center;\"><span style=\"color: #000000;\">3.7cm\u00d72.2cm<\/span><\/td>\n<td style=\"width: 19.1%; text-align: center;\"><span style=\"color: #000000;\">1.4cm<\/span><\/td>\n<td style=\"width: 14.07%; text-align: center;\"><span style=\"color: #000000;\">30.0g<\/span><\/td>\n<\/tr>\n<\/tbody>\n<\/table>\n<p><span style=\"color: #000000;\">(Kashira)<\/span><\/p>\n<table style=\"width: 47.07%; height: 47px; border-collapse: collapse;\">\n<tbody>\n<tr style=\"height: 23px;\">\n<td style=\"border-color: #575129; width: 14.11%; background-color: #575129; height: 23px; text-align: center;\"><span style=\"color: #ffffff;\">Size<\/span><\/td>\n<td style=\"border-color: #575129; width: 19.1%; background-color: #575129; height: 23px; text-align: center;\"><span style=\"color: #ffffff;\">Thickness<\/span><\/td>\n<td style=\"border-color: #575129; width: 14.07%; background-color: #575129; height: 23px; text-align: center;\"><span style=\"color: #ffffff;\">Weight<\/span><\/td>\n<\/tr>\n<tr style=\"height: 24px;\">\n<td style=\"width: 14.11%; height: 24px; text-align: center;\"><span style=\"color: #000000;\">3.5cm\u00d72.0cm<\/span><\/td>\n<td style=\"width: 19.1%; height: 24px; text-align: center;\"><span style=\"color: #000000;\">0.8cm<\/span><\/td>\n<td style=\"width: 14.07%; height: 24px; text-align: center;\"><span style=\"color: #000000;\">13.0g<\/span><\/td>\n<\/tr>\n<\/tbody>\n<\/table>\n<p><span style=\"color: #000000;\">(Menuki A)<\/span><\/p>\n<table style=\"width: 47.07%; height: 46px; border-collapse: collapse;\">\n<tbody>\n<tr style=\"height: 23px;\">\n<td style=\"border-color: #575129; width: 14.11%; background-color: #575129; text-align: center; height: 23px;\"><span style=\"color: #ffffff;\">Size<\/span><\/td>\n<td style=\"border-color: #575129; width: 19.1%; background-color: #575129; text-align: center; height: 23px;\"><span style=\"color: #ffffff;\">Thickness<\/span><\/td>\n<td style=\"border-color: #575129; width: 14.07%; background-color: #575129; text-align: center; height: 23px;\"><span style=\"color: #ffffff;\">Weight<\/span><\/td>\n<\/tr>\n<tr style=\"height: 23px;\">\n<td style=\"width: 14.11%; text-align: center; height: 23px;\"><span style=\"color: #000000;\">6.5cm\u00d70.7cm<\/span><\/td>\n<td style=\"width: 19.1%; text-align: center; height: 23px;\"><span style=\"color: #000000;\">0.4cm<\/span><\/td>\n<td style=\"width: 14.07%; text-align: center; height: 23px;\">4.0g<\/td>\n<\/tr>\n<\/tbody>\n<\/table>\n<p><span style=\"color: #000000;\">(Menuki B)<\/span><\/p>\n<table style=\"width: 47.07%; height: 55px; border-collapse: collapse;\">\n<tbody>\n<tr>\n<td style=\"border-color: #575129; width: 14.11%; background-color: #575129; text-align: center;\"><span style=\"color: #ffffff;\">Size<\/span><\/td>\n<td style=\"border-color: #575129; width: 19.1%; background-color: #575129; text-align: center;\"><span style=\"color: #ffffff;\">Thickness<\/span><\/td>\n<td style=\"border-color: #575129; width: 14.07%; background-color: #575129; text-align: center;\"><span style=\"color: #ffffff;\">Weight<\/span><\/td>\n<\/tr>\n<tr>\n<td style=\"width: 14.11%; text-align: center;\"><span style=\"color: #000000;\">6.4cm\u00d70.5cm<\/span><\/td>\n<td style=\"width: 19.1%; text-align: center;\"><span style=\"color: #000000;\">0.7cm<\/span><\/td>\n<td style=\"width: 14.07%; text-align: center;\"><span style=\"color: #000000;\">5.0g<\/span><\/td>\n<\/tr>\n<\/tbody>\n<\/table>\n<p><span style=\"color: #000000;\">You can enlarge all the photos to see the detail of the item.<\/span><\/p>\n","protected":false},"featured_media":69524,"template":"","meta":[],"product_brand":[],"product_cat":[23,16,25],"product_tag":[],"class_list":{"0":"post-69522","1":"product","2":"type-product","3":"status-publish","4":"has-post-thumbnail","6":"product_cat-menuki","7":"product_cat-fuchigashira","8":"product_cat-decorations","10":"first","11":"instock","12":"shipping-taxable","13":"purchasable","14":"product-type-simple","15":"add-to-wishlist-after_add_to_cart","16":"customify-col","17":"product-has-gallery"},"aioseo_notices":[],"_links":{"self":[{"href":"https:\/\/www.samuraimuseum.jp\/shop\/wp-json\/wp\/v2\/product\/69522","targetHints":{"allow":["GET"]}}],"collection":[{"href":"https:\/\/www.samuraimuseum.jp\/shop\/wp-json\/wp\/v2\/product"}],"about":[{"href":"https:\/\/www.samuraimuseum.jp\/shop\/wp-json\/wp\/v2\/types\/product"}],"wp:featuredmedia":[{"embeddable":true,"href":"https:\/\/www.samuraimuseum.jp\/shop\/wp-json\/wp\/v2\/media\/69524"}],"wp:attachment":[{"href":"https:\/\/www.samuraimuseum.jp\/shop\/wp-json\/wp\/v2\/media?parent=69522"}],"wp:term":[{"taxonomy":"product_brand","embeddable":true,"href":"https:\/\/www.samuraimuseum.jp\/shop\/wp-json\/wp\/v2\/product_brand?post=69522"},{"taxonomy":"product_cat","embeddable":true,"href":"https:\/\/www.samuraimuseum.jp\/shop\/wp-json\/wp\/v2\/product_cat?post=69522"},{"taxonomy":"product_tag","embeddable":true,"href":"https:\/\/www.samuraimuseum.jp\/shop\/wp-json\/wp\/v2\/product_tag?post=69522"}],"curies":[{"name":"wp","href":"https:\/\/api.w.org\/{rel}","templated":true}]}}