{"id":62797,"date":"2025-02-05T16:33:22","date_gmt":"2025-02-05T07:33:22","guid":{"rendered":"https:\/\/www.samuraimuseum.jp\/shop\/?post_type=product&#038;p=62797"},"modified":"2025-10-07T18:22:44","modified_gmt":"2025-10-07T09:22:44","slug":"antique-samurai-helmet-mid-edo-period-kawari-kabuto-tokubetsu-kicho-shiryo-certificate-kt-42","status":"publish","type":"product","link":"https:\/\/www.samuraimuseum.jp\/shop\/product\/antique-samurai-helmet-mid-edo-period-kawari-kabuto-tokubetsu-kicho-shiryo-certificate-kt-42\/","title":{"rendered":"Antique Samurai Helmet <br>Mid Edo Period <br>Kawari Kabuto <br><span style=\"color: #ff0000;\"><strong>Tokubetsu Kicho<\/strong><\/span> Shiryo Certificate<\/span> (KT-42)"},"content":{"rendered":"<p><strong><span style=\"font-size: 14pt;\">Antique Samurai Mid Edo Period Helmet Kawari Kabuto with <span style=\"color: #ff0000;\">Tokubetsu Kicho<\/span> Shiryo Certificate<\/span><\/strong><br \/>\n<img loading=\"lazy\" decoding=\"async\" class=\" wp-image-4478 alignnone\" src=\"https:\/\/www.samuraimuseum.jp\/shop\/wp-content\/uploads\/2025\/02\/2025-02-04_027-2.jpg\" alt=\"\" width=\"413\" height=\"413\" \/><\/p>\n<p><span style=\"color: #000000;\">Period: <strong>Mid Edo Period (1688-1800)<\/strong><\/span><\/p>\n<p><span style=\"color: #000000;\">appraised by The Association for the Research and Preservation of Japanese Helmets and Armor<\/span><\/p>\n<p><span style=\"color: #000000;\">Prime Material: Iron<\/span><\/p>\n<p><em><span style=\"text-decoration: underline;\">*The certificate mentions that the Harigake part (the elephant decoration part) was added after the Meji era while the main part of the helmet was made during the mid Edo period.\u00a0<\/span><\/em><\/p>\n<p><span style=\"color: #333333;\">\u00a0According to the certificate, the name of this Kabuto is &#8220;\u9244\u9ed2\u6f06\u5857\u8c61\u9f3b\u5f62\u5909\u308a\u515c (Iron Black Lacquered Elephant-Trunk Shaped Kabuto),&#8221; and as the name suggests, its motif is an elephant.<\/span><\/p>\n<p><span style=\"color: #333333;\">\u00a0Two elephants were brought to Japan from the continent in the Edo period, the 13th year of the Kyouho (\u4eab\u4fdd) era (1728). They were gifts for the Tokugawa Shogun at that time, Tokugawa Yoshimune (\u5fb3\u5ddd \u5409\u5b97, 1684-1751). Many ordinary people saw this animal during the journey from the elephant\u2019s arrival to Edo city. And this giant animal became a trend among people. Initially, the Hakuzou (\u767d\u8c61, white elephant) was sacred in Buddhism. It is known as a vehicle of the Fugen Bosatsu (\u666e\u8ce2\u83e9\u85a9, Samantabhadra, a bodhisattva of rationale and mercy). A theory says Mayabunin (\u6469\u8036\u592b\u4eba, Mah\u0101m\u0101y\u0101), who is the Buddha\u2019s birth mother, saw a white elephant when she got pregnant Buddha. Also, the elephant has been regarded as a patient animal. Based on this history and religious idea, it is understandable that the elephant motif was incorporated into motifs for various items, as seen in this work.<\/span><\/p>\n<p><span style=\"color: #333333;\">\u00a0The Kabuto (\u515c, helmet) is a protector for the head. When people started using the Kabuto, it was initially designed for practical use. However, the principal purpose of its design has changed with time; Samurais tried to express their dignity, personality, or religion by wearing the characteristic design Kabutos. According to a theory, these unique designed Kabutos were made from the late Muromachi period to the Edo period. This type of Kabuto is categorized as the Kawari Kabuto (\u5909\u308f\u308a\u515c), and a variety of materials were used to create them. For example, animal fur, seashells, plants, and papers were used as materials for decoration.<\/span><br \/>\n<img loading=\"lazy\" decoding=\"async\" class=\" wp-image-4478 alignnone\" src=\"https:\/\/www.samuraimuseum.jp\/shop\/wp-content\/uploads\/2025\/02\/2025-02-04_031-1-scaled.jpg\" alt=\"\" width=\"413\" height=\"413\" \/> <img loading=\"lazy\" decoding=\"async\" class=\" wp-image-4478 alignnone\" src=\"https:\/\/www.samuraimuseum.jp\/shop\/wp-content\/uploads\/2025\/02\/2025-02-04_029-1-scaled.jpg\" alt=\"\" width=\"413\" height=\"413\" \/><br \/>\n<img loading=\"lazy\" decoding=\"async\" class=\" wp-image-4478 alignnone\" src=\"https:\/\/www.samuraimuseum.jp\/shop\/wp-content\/uploads\/2025\/02\/2025-02-04_028-2-scaled.jpg\" alt=\"\" width=\"413\" height=\"413\" \/> <img loading=\"lazy\" decoding=\"async\" class=\" wp-image-4478 alignnone\" src=\"https:\/\/www.samuraimuseum.jp\/shop\/wp-content\/uploads\/2025\/02\/2025-02-04_030-2-scaled.jpg\" alt=\"\" width=\"413\" height=\"413\" \/><\/p>\n<p><span style=\"color: #000000;\">\u00a0The Fukikaeshi (\u5439\u304d\u8fd4\u3057), both ends of a Kabuto, is attached to this Kabuto. It protects the face from swords and also shows its beautiful workmanship. Family crests are sometimes designed on this part, as seen on this Kabuto.<\/span><\/p>\n<p><img loading=\"lazy\" decoding=\"async\" class=\" wp-image-4478 alignnone\" src=\"https:\/\/www.samuraimuseum.jp\/shop\/wp-content\/uploads\/2025\/02\/2025-02-04_032-2.jpg\" alt=\"\" width=\"413\" height=\"413\" \/><\/p>\n<p><span style=\"color: #000000;\">\u00a0<\/span><\/p>\n<p><strong><span style=\"color: #008080;\">Certification<span style=\"color: #000000;\">: Tokugetsu <\/span><\/span><span style=\"color: #008080;\"><span style=\"color: #000000;\">Kicho Shiryo Certificate (No.2193)<\/span><\/span><\/strong><\/p>\n<p><span style=\"color: #000000;\">\u00a0The certificate was issued by The Association for the Research and Preservation of Japanese Helmets and Armor, which is the most trusted Japanese armor appraiser in Japan. Tokubetsu Kicho Shiryo means special rare article. It is ranked as the third highest of five rankings. <\/span><span style=\"color: #000000;\">This helmet was authenticated on May 28th, 2025, as a Tokubetsu Kicho Shiryo, and this paper mentions that this item was made in the <strong>mid Edo period<\/strong>.\u00a0<\/span><\/p>\n<p><em><span style=\"text-decoration: underline;\">*The certificate mentions that the Harigake part (the elephant decoration part) was added after the Meji era while the main part of the helmet was made during the mid Edo period.\u00a0<\/span><\/em><\/p>\n<p><span style=\"text-decoration: underline; color: #000000;\"><em>An English translation of the certificate is available on request. We won&#8217;t charge any additional fee.<\/em><\/span><\/p>\n<p><img loading=\"lazy\" decoding=\"async\" class=\" wp-image-4478 alignnone\" src=\"https:\/\/www.samuraimuseum.jp\/shop\/wp-content\/uploads\/2025\/02\/2025-02-04_047-scaled.jpg\" alt=\"\" width=\"413\" height=\"413\" \/><\/p>\n<hr \/>\n<p><span style=\"color: #000000;\"><strong>\u3010About us\u3011<\/strong><\/span><br \/>\n<span style=\"color: #000000;\">\u00a0Samurai Museum is located in Tokyo, Japan, exhibiting antique artifacts related to the Samurai history. Samurai Museum Shop is the place for those who are interested in Japanese culture and craftsmanship. We deal with antique Samurai swords\/armor, traditional crafts made in Japan and so on. <\/span><\/p>\n<p><a title=\"About Samurai Museum\" href=\"https:\/\/www.samuraimuseum.jp\/shop\/about-us\/\" target=\"_blank\" rel=\"noopener noreferrer\"><img loading=\"lazy\" decoding=\"async\" class=\" wp-image-4478 alignnone\" src=\"https:\/\/www.samuraimuseum.jp\/shop\/wp-content\/uploads\/2020\/07\/5623eabfdde4147c0ecdc704028c6ecd.jpg\" alt=\"\" width=\"355\" height=\"155\" \/><\/a><\/p>\n<p><span style=\"color: #000000;\"><strong>\u3010Antique Japanese helmet (Kabuto) and Export process\u3011<\/strong><br \/>\n<span style=\"color: #000000;\">\u00a0After receiving the full payment from you, we will apply for its export permit from the Board of Education to legally export the helmet to other countries. It normally takes around <strong>2-4 weeks<\/strong> to receive this permit. And we would like you to expect at least <strong>1.0-1.5<\/strong> months for your order to arrive at your given address after you ordered.<\/span><\/span><\/p>\n<p><span style=\"color: #000000;\"><strong>\u3010Payment Method\u3011<\/strong><br \/>\n<span style=\"color: #000000;\">\u00a0We accept payment through <strong>Stripe <\/strong>(Credit card), <strong>PayPal<\/strong>, Apple Pay or ChromePay, all of which are secure payment methods. Also, you don&#8217;t need to make an account on Stripe for the checkout. If you prefer other payment method, please contact us. After confirming your payment, we will apply for an export permit. You may either pay in <strong>JPY<\/strong>,<strong> USD<\/strong>,<strong> AUD<\/strong>,<strong> CAD<\/strong>,<strong> EUR<\/strong>, <strong>CHF <\/strong>or<strong> GBP<\/strong>. The price is set in Japanese Yen. Prices in other currencies are automatically calculated based on the latest exchange rate.\u00a0<\/span><\/span><\/p>\n<p><img loading=\"lazy\" decoding=\"async\" class=\" wp-image-4478 alignnone\" src=\"https:\/\/www.samuraimuseum.jp\/shop\/wp-content\/uploads\/2020\/12\/SSL_payment_1222-01-1.jpg\" alt=\"\" width=\"351\" height=\"117\" \/><\/p>\n<p><span style=\"color: #000000;\"><strong>\u3010Shipping Duration\u3011<\/strong><\/span><br \/>\n<span style=\"color: #000000;\">\u00a0We normally ship via EMS (Express Mail Service) provided by Japan Post. It usually takes at least 5-14 days to deliver the package after you place an order.\u00a0<\/span><\/p>\n<p><span style=\"color: #000000;\">\u00a0We offer <span style=\"color: #3366ff;\"><strong>Free International Shipping<\/strong><\/span>\u00a0as long as we can ship your order by EMS. If you prefer other shipping carriers, please contact us.<br \/>\nWe will inform you of the order\u2019s tracking number via email. Please make sure you fill out your valid email address correctly.<\/span><\/p>\n<p><span style=\"color: #000000;\">*If you like to make sure if EMS shipping is available to your country, please contact us.<\/span><\/p>\n<p><img loading=\"lazy\" decoding=\"async\" class=\" wp-image-4478 alignnone\" src=\"https:\/\/www.samuraimuseum.jp\/shop\/wp-content\/uploads\/2020\/10\/48026a8af882b8fafae180fa48fbd5f4.jpg\" alt=\"\" width=\"257\" height=\"60\" \/><\/p>\n<p><span style=\"color: #000000;\"><strong>\u3010How to make sure the condition\u3011<\/strong><\/span><br \/>\n<span style=\"color: #000000;\">\u00a0Please keep in mind that what you are going to purchase is an antique item. We uploaded high resolution photos for you to check its condition thoroughly. If you like to see more photos with different angles, please feel free to contact us. We will be happy to send them to you so that you can make informed decision. It is essential for us to know that you are happy with your choice of a sword. and we are prepared to use the best of our ability to serve you.<\/span><\/p>\n<p><span style=\"color: #000000;\"><strong>\u3010How To Contact Us\u3011<\/strong><\/span><br \/>\n<span style=\"color: #000000;\">\u00a0Please contact us through email, Facebook Messenger or Live Chat if you have any questions. You can find each icon on the right side of the website. Please click one of them to reach us. We will reply to you within 1-2 business days.<\/span><\/p>\n<p><span style=\"color: #000000;\"><strong>\u3010How To Preserve Antique Samurai Armor\/Helmets\u3011<\/strong><\/span><br \/>\n<span style=\"color: #000000;\">\u00a0Dryness, humidity, and bad ventilation might deteriorate the condition of antique Samurai armor\/helmet. The best temperature to preserve Samurai armor\/helmet is around 20\u2103 in Celsius, and humidity should be about 60%.\u00a0 Direct sunlight should be avoided. We recommend storing armors\/helmets in a room with good ventilation. If you like to display them outside the boxes for a prolonged time, we suggest using a glass case in order for dust not to be accumulated easily. In case you don&#8217;t use a glass case, please make sure to regularly dust off\u00a0 from the armor\/helmets by using a soft brush made of delicate cloth or brush for painting.<\/span><\/p>\n<p><span style=\"color: #000000;\">\u00a0If you like to know more about the preservation of this armor, please feel free to<\/span><a href=\"https:\/\/www.samuraimuseum.jp\/shop\/contact\/\" target=\"_blank\" rel=\"noopener\"><span style=\"text-decoration: underline;\"><strong><span style=\"color: #3366ff; text-decoration: underline;\"> contact us<\/span><\/strong><\/span><\/a>.<\/p>\n","protected":false},"excerpt":{"rendered":"<p><img loading=\"lazy\" decoding=\"async\" class=\" wp-image-4478 alignnone\" src=\"https:\/\/www.samuraimuseum.jp\/shop\/wp-content\/uploads\/2020\/10\/mij_fs_icon_1023-05.jpg\" alt=\"\" width=\"113\" height=\"40\" \/> <img loading=\"lazy\" decoding=\"async\" class=\" wp-image-4478 alignnone\" src=\"https:\/\/www.samuraimuseum.jp\/shop\/wp-content\/uploads\/2020\/10\/mij_fs_icon_1023-07.jpg\" alt=\"\" width=\"113\" height=\"48\" \/><\/p>\n<p><span style=\"color: #000000;\"><strong>DELIVERY TIME<\/strong>: Approx. 1-1.5 months<\/span><br \/>\n<span style=\"color: #000000;\">*There might be delay in shipment depending on countries.<\/span><\/p>\n<p><span style=\"color: #000000;\"><strong>INCLUDED<\/strong>: Tokubetsu Kicho Shiryo Certificate, The Samurai helmet, Helmet stand, Export support<\/span><\/p>\n<p><strong>SIZE (Kabuto)\u00a0<\/strong><\/p>\n<table style=\"width: 48.8042%; height: 48px; border-collapse: collapse;\">\n<tbody>\n<tr style=\"height: 24px;\">\n<td style=\"border-color: #575129; width: 14.11%; background-color: #575129; text-align: center; height: 24px;\"><span style=\"color: #ffffff;\">Height<\/span><\/td>\n<td style=\"border-color: #575129; width: 19.1%; background-color: #575129; text-align: center; height: 24px;\"><span style=\"color: #ffffff;\">Width<\/span><\/td>\n<td style=\"border-color: #575129; width: 20.03%; background-color: #575129; text-align: center; height: 24px;\"><span style=\"color: #ffffff;\">Depth<\/span><\/td>\n<td style=\"border-color: #575129; width: 17.7981%; background-color: #575129; text-align: center; height: 24px;\"><span style=\"color: #ffffff;\">Weight<\/span><\/td>\n<\/tr>\n<tr style=\"height: 24px;\">\n<td style=\"width: 14.11%; text-align: center; height: 24px;\"><span style=\"color: #000000;\">44cm<\/span><\/td>\n<td style=\"width: 19.1%; text-align: center; height: 24px;\"><span style=\"color: #000000;\">30.5 cm<\/span><\/td>\n<td style=\"width: 20.03%; text-align: center; height: 24px;\"><span style=\"color: #000000;\">32cm<\/span><\/td>\n<td style=\"width: 17.7981%; text-align: center; height: 24px;\"><span style=\"color: #000000;\">\u00a01.71 kg<\/span><\/td>\n<\/tr>\n<\/tbody>\n<\/table>\n<p><em><a title=\"Please send us any inquiries\" href=\"https:\/\/www.samuraimuseum.jp\/shop\/contact\/\" target=\"_blank\" rel=\"noopener\"><span style=\"text-decoration: underline; color: #000080;\"><strong>More photos are available on request. Please feel free to contact us.\u00a0<\/strong><\/span><\/a><\/em><\/p>\n","protected":false},"featured_media":62969,"template":"","meta":[],"product_brand":[],"product_cat":[85],"product_tag":[],"class_list":{"0":"post-62797","1":"product","2":"type-product","3":"status-publish","4":"has-post-thumbnail","6":"product_cat-samurai-helmet-kabuto","8":"first","9":"instock","10":"shipping-taxable","11":"purchasable","12":"product-type-simple","13":"add-to-wishlist-after_add_to_cart","14":"customify-col","15":"product-has-gallery"},"aioseo_notices":[],"_links":{"self":[{"href":"https:\/\/www.samuraimuseum.jp\/shop\/wp-json\/wp\/v2\/product\/62797","targetHints":{"allow":["GET"]}}],"collection":[{"href":"https:\/\/www.samuraimuseum.jp\/shop\/wp-json\/wp\/v2\/product"}],"about":[{"href":"https:\/\/www.samuraimuseum.jp\/shop\/wp-json\/wp\/v2\/types\/product"}],"wp:featuredmedia":[{"embeddable":true,"href":"https:\/\/www.samuraimuseum.jp\/shop\/wp-json\/wp\/v2\/media\/62969"}],"wp:attachment":[{"href":"https:\/\/www.samuraimuseum.jp\/shop\/wp-json\/wp\/v2\/media?parent=62797"}],"wp:term":[{"taxonomy":"product_brand","embeddable":true,"href":"https:\/\/www.samuraimuseum.jp\/shop\/wp-json\/wp\/v2\/product_brand?post=62797"},{"taxonomy":"product_cat","embeddable":true,"href":"https:\/\/www.samuraimuseum.jp\/shop\/wp-json\/wp\/v2\/product_cat?post=62797"},{"taxonomy":"product_tag","embeddable":true,"href":"https:\/\/www.samuraimuseum.jp\/shop\/wp-json\/wp\/v2\/product_tag?post=62797"}],"curies":[{"name":"wp","href":"https:\/\/api.w.org\/{rel}","templated":true}]}}