{"id":45205,"date":"2023-12-27T17:38:21","date_gmt":"2023-12-27T08:38:21","guid":{"rendered":"https:\/\/www.samuraimuseum.jp\/shop\/?post_type=product&#038;p=45205"},"modified":"2024-04-09T16:13:25","modified_gmt":"2024-04-09T07:13:25","slug":"imari-ware-incense-burner-ib-12","status":"publish","type":"product","link":"https:\/\/www.samuraimuseum.jp\/shop\/product\/imari-ware-incense-burner-ib-12\/","title":{"rendered":"Imari Ware Incense Burner (IB-12)"},"content":{"rendered":"<p><span style=\"color: #000000; font-size: 14pt;\"><strong>Title: Imari ware, Iroe Zougan Kouro<\/strong><\/span><\/p>\n<p><span style=\"color: #000000;\"><strong>Description<\/strong><\/span><br \/>\n<span style=\"color: #000000;\">\u00a0This item is the Kouro (\u9999\u7089, incense burner). The vermilion, navy blue, green, and gold colors make this Kouro&#8217;s decorative look gorgeously. The costumes worn by the Hakuzou (\u767d\u8c61, white elephant) are decorated with these gorgeous colors.<br \/>\n<\/span><\/p>\n<p><span style=\"color: #000000;\">\u00a0Here, we would like to introduce the history of elephants to you. In the Edo period, the 13th year of the Kyouho (\u4eab\u4fdd) era (1728), two elephants were brought to Japan from the continent. They were gifts for the Tokugawa Shogun at that time, Tokugawa Yoshimune (\u5fb3\u5ddd \u5409\u5b97, 1684-1751). Many ordinary people saw this animal during the journey from the elephant&#8217;s arrival to Edo city. And this giant animal became a trend among people. Initially, the white elephant was sacred in Buddhism. It is known as a vehicle of the Fugen Bosatsu (\u666e\u8ce2\u83e9\u85a9, Samantabhadra, a bodhisattva of rationale and mercy). A theory says Mayabunin (\u6469\u8036\u592b\u4eba, Mah\u0101m\u0101y\u0101), who is the Buddha&#8217;s birth mother, saw a white elephant when she got pregnant Buddha. Also, the elephant has been regarded as a patient animal. Based on this history and religious idea, it is understandable that the elephant motif was incorporated into motifs for various items, as seen in this work.<br \/>\n<\/span><\/p>\n<p><span style=\"color: #000000;\">\u00a0We have just introduced an event when many Japanese people, including ordinary people, saw a real elephant. In the Edo period, shopping similar to what we now call mail order already existed. However, of course, this business was not for the ordinary people but for the Shogunate and feudal lords. At the time, Nagasaki (\u9577\u5d0e) was a gateway for international trade, and rare items from foreign countries were imported one after another. Among these items, rare animals and monster birds that Japanese people have never seen or heard were extremely popular.<br \/>\n<\/span><\/p>\n<p><span style=\"color: #000000;\">\u00a0For the Shogun and the Shogunates, rare animals and strange birds they had never seen or heard of were fascinating. But it was uneasy to decide whether they wanted it or not. The Takagi family, who had served as Nagasaki magistrates for generations, would draw up illustrations of rare birds and beasts whenever they arrived and send them to the Edo Shogunate to make inquiries. The Shogunate carefully examined the drawings, selected only those they wanted, and ordered them. It is similar to the current catalog mail order. We could imagine that it was pretty challenging for common-class Samurai to acquire and raise these rare beasts, so there might have been a time when they incorporated them as motifs into their personal belongings, such as daily necessities. The relationship between the southern barbarian-style man and the elephant we mentioned earlier is a natural combination, considering that there is a connection between Japan and trade with other countries during the Edo period.<\/span><\/p>\n<p><span style=\"color: #000000;\">\u00a0*As this item is an antique, please check each photo and ensure its condition.<\/span><\/p>\n<p><span style=\"color: #000000;\"><strong>What is Imari Yaki?<\/strong><\/span><br \/>\n<span style=\"color: #000000;\">\u00a0Imari Yaki (\u4f0a\u4e07\u91cc\u713c, Imari ware) is a type of Japanese porcelain produced in Hizen (\u80a5\u524d, Saga prefecture, and Nagasaki prefecture today). It flourished mainly in Arita (\u6709\u7530) town in Saga prefecture. The main port of shipment was Imari, so this style of porcelain was named Imari Yaki. Until the medieval, Japanese people made pottery but depended on foreign countries for porcelains. The first production of domestic porcelain began in Arita town in the 17th century. It is the origin of porcelain in Japan.<\/span><\/p>\n<p><span style=\"color: #000000;\">\u00a0Its quality of material characterizes imari ware. Porcelain is even stronger than pottery. It becomes hard and durable since it is fired at a high temperature (around 1300 degrees) for over 17 hours. You could hear a clear and high-pitched sound if you flipped this porcelain lightly with your finger. Also, it has a smooth texture compared to other potteries.<\/span><\/p>\n<p><img loading=\"lazy\" decoding=\"async\" class=\" wp-image-4478 alignnone\" src=\"https:\/\/www.samuraimuseum.jp\/shop\/wp-content\/uploads\/2023\/12\/2023-12-21-0047_1-1-scaled.jpg\" alt=\"\" width=\"300\" height=\"126\" \/><br \/>\n<img loading=\"lazy\" decoding=\"async\" class=\" wp-image-4478 alignnone\" src=\"https:\/\/www.samuraimuseum.jp\/shop\/wp-content\/uploads\/2023\/12\/2023-12-21-0043_2-scaled.jpg\" alt=\"\" width=\"300\" height=\"126\" \/><br \/>\n<img loading=\"lazy\" decoding=\"async\" class=\" wp-image-4478 alignnone\" src=\"https:\/\/www.samuraimuseum.jp\/shop\/wp-content\/uploads\/2023\/12\/2023-12-21-0048-scaled.jpg\" alt=\"\" width=\"300\" height=\"126\" \/><\/p>\n<hr \/>\n<p><strong><span style=\"color: #000000;\">\u3010About us\u3011<\/span><\/strong><br \/>\n<span style=\"color: #000000;\">\u00a0Samurai Museum is located in Tokyo, Japan, exhibiting antique artifacts related to the Samurai history. Samurai Museum Shop is the place for those who are interested in Japanese culture and craftsmanship. We deal with antique Samurai swords\/armor, traditional crafts made in Japan and so on. <\/span><\/p>\n<p><a title=\"About Samurai Museum\" href=\"https:\/\/www.samuraimuseum.jp\/shop\/about-us\/\" target=\"_blank\" rel=\"noopener noreferrer\"><img loading=\"lazy\" decoding=\"async\" class=\" wp-image-4478 alignnone\" src=\"https:\/\/www.samuraimuseum.jp\/shop\/wp-content\/uploads\/2020\/07\/5623eabfdde4147c0ecdc704028c6ecd.jpg\" alt=\"\" width=\"355\" height=\"155\" \/><\/a><\/p>\n<p><span style=\"color: #000000;\"><strong>\u3010Payment method\u3011<\/strong><\/span><br \/>\n<span style=\"color: #000000;\">\u00a0We accept payment through <strong>Stripe<\/strong> (Credit card), <strong>PayPal<\/strong>, Apple Pay or ChromePay, all of which are secure payment methods. Also, you don\u2019t need to make an account on Stripe for the checkout. If you prefer other payment method, please contact us. You may either pay in <strong>JPY<\/strong>, <strong>USD<\/strong>, <strong>AUD<\/strong>, <strong>CAD<\/strong>, <strong>EUR<\/strong>, <strong>CHF<\/strong>\u00a0or <strong>GBP<\/strong>. The price is set in Japanese Yen. Prices in other currencies are automatically calculated based on the latest exchange rate.\u00a0<\/span><\/p>\n<p><img loading=\"lazy\" decoding=\"async\" class=\" wp-image-4478 alignnone\" src=\"https:\/\/www.samuraimuseum.jp\/shop\/wp-content\/uploads\/2020\/12\/SSL_payment_1222-01-1.jpg\" alt=\"\" width=\"351\" height=\"117\" \/><\/p>\n<p><span style=\"color: #000000;\"><strong>\u3010Shipping duration\u3011<\/strong><\/span><br \/>\n<span style=\"color: #000000;\">\u00a0We normally ship via EMS (Express Mail Service) provided by Japan Post. It usually takes at least 5-14 days to deliver the package after you place an order. <\/span><\/p>\n<p><span style=\"color: #000000;\">\u00a0We offer <span style=\"color: #3366ff;\"><strong>Free International Shipping<\/strong><\/span> as long as we can ship your order by EMS. If you prefer other shipping carriers, please contact us.<br \/>\nWe will inform you of the order\u2019s tracking number via email. Please make sure you fill out your valid email address correctly.\u00a0<\/span><\/p>\n<p><strong><span style=\"color: #000000;\">*Please keep in mind that due to the spread of COVID-19, there might be possible delays in delivery. If you like to make sure if EMS shipping is available to your country, please contact us.<\/span><\/strong><\/p>\n<p><img loading=\"lazy\" decoding=\"async\" class=\" wp-image-4478 alignnone\" src=\"https:\/\/www.samuraimuseum.jp\/shop\/wp-content\/uploads\/2020\/10\/48026a8af882b8fafae180fa48fbd5f4.jpg\" alt=\"\" width=\"257\" height=\"60\" \/><\/p>\n<p><span style=\"color: #000000;\"><strong>\u3010Antique Japanese item and Export process\u3011<\/strong><\/span><br \/>\n<span style=\"color: #000000;\">\u00a0After receiving the full payment from you, we will apply for its export permit from the Board of Education to legally export the item to other countries. It normally takes around 2 to 4 weeks to receive this permit. And we would like you to expect at least\u00a0<strong>1.0 \u2013 1.5 months<\/strong>\u00a0for your order to arrive at your given address after you ordered.<\/span><\/p>\n<p><span style=\"color: #000000;\"><strong>\u3010How to make sure the condition\u3011<\/strong><\/span><br \/>\n<span style=\"color: #000000;\">\u00a0Please keep in mind that what you are going to purchase is an antique item. We uploaded high resolution photos for you to check its condition thoroughly. If you like to see more photos with different angles, please feel free to contact us. We will be happy to send them to you so that you can make informed decision.\u00a0<\/span><\/p>\n<p><span style=\"color: #000000;\">\u00a0It is essential for us to know that you are happy with your choice of incense burner and we are prepared to use the best of our ability to serve you.<\/span><\/p>\n<p>&nbsp;<\/p>\n<p><span style=\"color: #000000;\">\u00a0Would you like see some more Antique items for sale? Please check the link below. We hope you can find your favorite item.<\/span><br \/>\n<a href=\"https:\/\/www.samuraimuseum.jp\/shop\/product-category\/antique\/\" target=\"_blank\" rel=\"noopener noreferrer\"><strong><span style=\"color: #000080;\">https:\/\/www.samuraimuseum.jp\/shop\/product-category\/antique\/<\/span><\/strong><\/a><\/p>\n","protected":false},"excerpt":{"rendered":"<p><img loading=\"lazy\" decoding=\"async\" class=\" wp-image-4478 alignnone\" src=\"https:\/\/www.samuraimuseum.jp\/shop\/wp-content\/uploads\/2020\/10\/mij_fs_icon_1023-05.jpg\" alt=\"\" width=\"113\" height=\"40\" \/> <img loading=\"lazy\" decoding=\"async\" class=\" wp-image-4478 alignnone\" src=\"https:\/\/www.samuraimuseum.jp\/shop\/wp-content\/uploads\/2020\/10\/mij_fs_icon_1023-07.jpg\" alt=\"\" width=\"113\" height=\"48\" \/><\/p>\n<p><span style=\"color: #0000ff;\"><strong>Delivery Time<\/strong><\/span><span style=\"color: #000000;\">: 1-1.5 months<\/span><br \/>\n<span style=\"color: #000000;\">*Delivery may take longer, depending on countries or holiday seasons.<\/span><\/p>\n<p><span style=\"color: #000000;\"><strong>Title: Imari ware, Iroe Zougata Kouro<\/strong><\/span><\/p>\n<p><span style=\"color: #000000;\">Material: soil<\/span><\/p>\n<table style=\"border-collapse: collapse; width: 100%;\">\n<tbody>\n<tr>\n<td style=\"width: 25%; background-color: #575129; text-align: center;\"><span style=\"color: #ffffff;\">Depth<\/span><\/td>\n<td style=\"width: 25%; background-color: #575129; text-align: center;\"><span style=\"color: #ffffff;\">Width<\/span><\/td>\n<td style=\"width: 25%; background-color: #575129; text-align: center;\"><span style=\"color: #ffffff;\">Height<\/span><\/td>\n<td style=\"width: 25%; background-color: #575129; text-align: center;\"><span style=\"color: #ffffff;\">Weight<\/span><\/td>\n<\/tr>\n<tr>\n<td style=\"width: 25%; text-align: center;\"><span style=\"color: #000000;\">38.0cm<\/span><\/td>\n<td style=\"width: 25%; text-align: center;\"><span style=\"color: #000000;\">11.0cm<\/span><\/td>\n<td style=\"width: 25%; text-align: center;\"><span style=\"color: #000000;\">23.0cm<\/span><\/td>\n<td style=\"width: 25%; text-align: center;\"><span style=\"color: #000000;\">3,706g<\/span><\/td>\n<\/tr>\n<\/tbody>\n<\/table>\n<p><span style=\"color: #000000;\">You can enlarge all the photos to see the detail of the item.<\/span><\/p>\n","protected":false},"featured_media":45218,"template":"","meta":[],"product_brand":[],"product_cat":[135,72],"product_tag":[],"class_list":{"0":"post-45205","1":"product","2":"type-product","3":"status-publish","4":"has-post-thumbnail","6":"product_cat-incense-burner","7":"product_cat-antique","9":"first","10":"instock","11":"shipping-taxable","12":"purchasable","13":"product-type-simple","14":"add-to-wishlist-after_add_to_cart","15":"customify-col","16":"product-has-gallery"},"aioseo_notices":[],"_links":{"self":[{"href":"https:\/\/www.samuraimuseum.jp\/shop\/wp-json\/wp\/v2\/product\/45205","targetHints":{"allow":["GET"]}}],"collection":[{"href":"https:\/\/www.samuraimuseum.jp\/shop\/wp-json\/wp\/v2\/product"}],"about":[{"href":"https:\/\/www.samuraimuseum.jp\/shop\/wp-json\/wp\/v2\/types\/product"}],"wp:featuredmedia":[{"embeddable":true,"href":"https:\/\/www.samuraimuseum.jp\/shop\/wp-json\/wp\/v2\/media\/45218"}],"wp:attachment":[{"href":"https:\/\/www.samuraimuseum.jp\/shop\/wp-json\/wp\/v2\/media?parent=45205"}],"wp:term":[{"taxonomy":"product_brand","embeddable":true,"href":"https:\/\/www.samuraimuseum.jp\/shop\/wp-json\/wp\/v2\/product_brand?post=45205"},{"taxonomy":"product_cat","embeddable":true,"href":"https:\/\/www.samuraimuseum.jp\/shop\/wp-json\/wp\/v2\/product_cat?post=45205"},{"taxonomy":"product_tag","embeddable":true,"href":"https:\/\/www.samuraimuseum.jp\/shop\/wp-json\/wp\/v2\/product_tag?post=45205"}],"curies":[{"name":"wp","href":"https:\/\/api.w.org\/{rel}","templated":true}]}}