{"id":33623,"date":"2022-12-15T14:20:57","date_gmt":"2022-12-15T05:20:57","guid":{"rendered":"https:\/\/www.samuraimuseum.jp\/shop\/?post_type=product&#038;p=33623"},"modified":"2023-07-26T17:03:01","modified_gmt":"2023-07-26T08:03:01","slug":"antique-tsuba-for-samurai-sword-with-nbthk-hozon-certificate-t-541","status":"publish","type":"product","link":"https:\/\/www.samuraimuseum.jp\/shop\/product\/antique-tsuba-for-samurai-sword-with-nbthk-hozon-certificate-t-541\/","title":{"rendered":"Antique Tsuba for Samurai Sword with NBTHK <strong><span style=\"color: #ff0000;\">Hozon<\/span><\/strong> Certificate (T-541)"},"content":{"rendered":"<p><span style=\"color: #000000; font-size: 14pt;\"><strong>Title: Y\u016brei Zu Tsuba<\/strong><\/span><\/p>\n<p><span style=\"color: #000000;\"><strong>Description<\/strong><\/span><br \/>\n<span style=\"color: #000000;\">\u00a0This Tsuba is recognized by The Society for Preservation of Japanese Art Swords, which is known as NBTHK. Its engraved inscription is written as follows: Mori (\u68ee, maker&#8217;s name) and the Kaou (\u82b1\u62bc, his stylized signature).<\/span><\/p>\n<p><span style=\"color: #000000;\">\u00a0About the design, its theme is the Y\u016brei Zu (\u5e7d\u970a\u56f3). Y\u016brei means ghost in Japanese, and the Y\u016brei Ga (\u5e7d\u970a\u753b) is a kind of Japanese-style painting and Ukiyo-e (\u6d6e\u4e16\u7d75, a picture of the floating world). This painting style was widespread from the Edo period to the Meiji period. It is said that the Y\u016brei Ga requires complicated techniques among all paintings. The Y\u016brei Ga depicts ghosts and other objects in the world of the dead. Various Y\u016brei Gas were drawn, such as those with scary horror or humorous designs. It has been established as a genre of painting subject from a variety of styles and a large number of works.<\/span><\/p>\n<p><span style=\"color: #000000;\">\u00a0The Y\u016brei Ga tends to have a negative impression when conveyed in this way. However, it could also be perceived as an auspicious motif. For example, many ghosts in Y\u016brei Gas do not have legs. There is also the idea that it is promising because it is associated with the word &#8220;Asi ga Nai (\u8db3\u304c\u7121\u3044, no legs)&#8221;, that is, &#8220;Shuppi ga Nai (\u51fa\u8cbb\u304c\u7121\u3044, no expenses)&#8221; in Japanese. Another view says that Y\u016brei Gas were drawn for memorial service or amulet against thieves and evil spirits. In addition, in some areas, people displayed it to pray for rain.<\/span><\/p>\n<p><span style=\"color: #000000;\">\u00a0A long-haired ghost whose gender is unclear is depicted on this Tsuba. We feel the sad emotion from its downcast eyes. There is never an aggressive and violent atmosphere, just quietly, quietly standing there and looking miserable. On a moonlit night when the crescent moon shines, the appearance of the ghost standing quietly under a willow tree tells us a strong sense of loneliness. You would find a Hitodama (\u4eba\u9b42, a spirit of a dead person returning as a small ball of fire) at the feet of the ghost. The screen composition and careful sculptural expression create an elegant atmosphere, and this Tsuba seems to be a single painting.<\/span><\/p>\n<p><span style=\"color: #000000;\">\u00a0We think the backside of this Tsuba depicts the same scenery as the front. The three objects lying on the roadside are probably hats. We imagine these were hats worn by Samurai who lost their lives on this battlefield. If so, this ghost might be mourning the fallen warriors on the battlefield, or perhaps this ghost is himself a Samurai who passed away in battle, lamenting the impermanence of this world. We hope you will add this delicate and beautiful piece to your great collection and cherish it.<\/span><\/p>\n<p><span style=\"color: #000000;\">\u00a0*As this item is an antique, please check each photo and ensure its condition.<\/span><\/p>\n<p><span style=\"color: #000000;\"><strong>What is Tsuba?<\/strong><\/span><br \/>\n<span style=\"color: #000000;\">\u00a0Tsuba is the hand-guard of the Japanese sword. High-class Samurai wore his Katana sword with its beautiful sword mountings such as Tsuba. Tsuba&#8217;s front design tends to be more decorative as this part was often seen by other Samurais when he was walking on the streets.<\/span><\/p>\n<p><span style=\"color: #000000;\"><strong>Why is it that the sword mounting was important for Samurai?<\/strong><\/span><br \/>\n<span style=\"color: #000000;\">\u00a0The sword mountings of the Japanese sword have many kinds of decorations such as handguards (Tsuba), sword hilt (Menuki), pommel (Fuchi Kashira). The Japanese sword worked as a weapon and as an object to show who he was. For example, it shows their personalities and beliefs. You could say that it is like decorations for smartphones today. We recommend you zoom in on the pictures of the sword fittings. When you do so, you can see the skill of Japanese metal engraving techniques. They are mainly made of iron and copper with inlays of gold, silver, and bronze. When it comes to handguard (Tsuba), each one has a different outline and weight. These sword fittings that have lived with Japanese swords of the same age might be worth as much as the Japanese swords. They are inconspicuous parts of the Japanese sword. Nevertheless, if you are knowledgeable or particular about it, you will become a connoisseur of the Samurai.<\/span><\/p>\n<p><img loading=\"lazy\" decoding=\"async\" class=\" wp-image-4478 alignnone\" src=\"https:\/\/www.samuraimuseum.jp\/shop\/wp-content\/uploads\/2022\/12\/KEN07370.2-scaled.jpg\" alt=\"\" width=\"300\" height=\"126\" \/><br \/>\n<img loading=\"lazy\" decoding=\"async\" class=\" wp-image-4478 alignnone\" src=\"https:\/\/www.samuraimuseum.jp\/shop\/wp-content\/uploads\/2022\/12\/KEN07373-scaled.jpg\" width=\"300\" height=\"126\" \/><br \/>\n<img loading=\"lazy\" decoding=\"async\" class=\" wp-image-4478 alignnone\" src=\"https:\/\/www.samuraimuseum.jp\/shop\/wp-content\/uploads\/2022\/12\/KEN07464-scaled.jpg\" width=\"300\" height=\"126\" \/><\/p>\n<p><span style=\"font-size: 12pt;\"><strong style=\"color: #008080;\">Authentication Paper<\/strong><span style=\"color: #000000;\">:<\/span> <span style=\"color: #000000;\"><strong>NBTHK Hozon Certificate<\/strong><\/span><\/span><\/p>\n<p><span style=\"color: #000000;\">\u00a0NBTHK, also known as Nihon Bijutsu Touken Hozon Kyokai (the Society for the Preservation of the Japan Art Sword), is one of the oldest Japanese sword appraising organizations in modern-day Japan. They authenticated the Tsuba on Jun 19th in the 2nd year of Reiwa (2020). They appraised it as Hozon Tousougu, the Tsuba worth preserving for Japanese society. The purchaser will receive this original certificate as well. We can also translate what is written into English and make a PDF file for your record if you request.<\/span><\/p>\n<p><img loading=\"lazy\" decoding=\"async\" class=\" wp-image-4478 alignnone\" src=\"https:\/\/www.samuraimuseum.jp\/shop\/wp-content\/uploads\/2022\/12\/KEN06995-1-scaled-e1671081405218.jpg\" alt=\"\" width=\"389\" height=\"274\" \/><\/p>\n<hr \/>\n<p><strong><span style=\"color: #000000;\">\u3010About us\u3011<\/span><\/strong><br \/>\n<span style=\"color: #000000;\">\u00a0Samurai Museum is located in Tokyo, Japan, exhibiting antique artifacts related to the Samurai history. Samurai Museum Shop is the place for those who are interested in Japanese culture and craftsmanship. We deal with antique Samurai swords\/armor, traditional crafts made in Japan and so on. <\/span><\/p>\n<p><a title=\"About Samurai Museum\" href=\"https:\/\/www.samuraimuseum.jp\/shop\/about-us\/\" target=\"_blank\" rel=\"noopener noreferrer\"><img loading=\"lazy\" decoding=\"async\" class=\" wp-image-4478 alignnone\" src=\"https:\/\/www.samuraimuseum.jp\/shop\/wp-content\/uploads\/2020\/07\/5623eabfdde4147c0ecdc704028c6ecd.jpg\" alt=\"\" width=\"355\" height=\"155\" \/><\/a><\/p>\n<p><span style=\"color: #000000;\"><strong>\u3010Payment method\u3011<\/strong><\/span><br \/>\n<span style=\"color: #000000;\">\u00a0We accept payment through <strong>Stripe<\/strong> (Credit card), <strong>PayPal<\/strong>, Apple Pay or ChromePay, all of which are secure payment methods. Also, you don\u2019t need to make an account on Stripe for the checkout. If you prefer other payment method, please contact us. You may either pay in <strong>JPY<\/strong>, <strong>USD<\/strong>, <strong>AUD<\/strong>, <strong>CAD<\/strong>, <strong>EUR<\/strong>, <strong>CHF<\/strong> or <strong>GBP<\/strong>. The price is set in Japanese Yen. Prices in other currencies are automatically calculated based on the latest exchange rate.\u00a0<\/span><\/p>\n<p><img loading=\"lazy\" decoding=\"async\" class=\" wp-image-4478 alignnone\" src=\"https:\/\/www.samuraimuseum.jp\/shop\/wp-content\/uploads\/2020\/12\/SSL_payment_1222-01-1.jpg\" alt=\"\" width=\"351\" height=\"117\" \/><\/p>\n<p><span style=\"color: #000000;\"><strong>\u3010Shipping duration\u3011<\/strong><\/span><br \/>\n<span style=\"color: #000000;\">\u00a0We normally ship via EMS (Express Mail Service) provided by Japan Post. It usually takes at least 5-14 days to deliver the package after you place an order. Time of delivery is estimated as accurately as possible by the carrier but does not take into account any delays beyond our control such as by inclement weather, post office holiday seasons.<\/span><\/p>\n<p><span style=\"color: #000000;\">\u00a0We offer<\/span> <span style=\"color: #3366ff;\"><strong>Free International Shipping<\/strong><\/span> <span style=\"color: #000000;\">as long as we can ship your order by EMS. If you prefer other shipping carriers, please contact us.<\/span><br \/>\n<span style=\"color: #000000;\">\u00a0We will inform you of the order&#8217;s tracking number via email. Please make sure you fill out your valid email address correctly.<\/span><\/p>\n<p><strong>*Please keep in mind that due to the spread of COVID-19, there might be possible delays in delivery. If you like to make sure if EMS shipping is available to your country, please contact us.<\/strong><\/p>\n<p><img loading=\"lazy\" decoding=\"async\" class=\" wp-image-4478 alignnone\" src=\"https:\/\/www.samuraimuseum.jp\/shop\/wp-content\/uploads\/2020\/10\/48026a8af882b8fafae180fa48fbd5f4.jpg\" alt=\"\" width=\"257\" height=\"60\" \/><\/p>\n<p><span style=\"color: #000000;\"><strong>\u3010Antique Japanese Tsuba and Export process\u3011<\/strong><\/span><br \/>\n<span style=\"color: #000000;\">\u00a0After receiving the full payment from you, we will apply for its export permit from the Board of Education to legally export the Tsuba to other countries. It normally takes around 2 to 4 weeks to receive this permit. And we would like you to expect at least 1.0 \u2013 1.5 months for your order to arrive at your given address after you ordered.<\/span><\/p>\n<p><span style=\"color: #000000;\"><strong>\u3010How to make sure the condition\u3011<\/strong><\/span><br \/>\n<span style=\"color: #000000;\">\u00a0Please keep in mind that what you are going to purchase is an antique item. We uploaded high resolution photos for you to check its condition thoroughly. If you like to see more photos with different angles, please feel free to contact us. We will be happy to send them to you so that you can make informed decision.\u00a0<\/span><\/p>\n<p><span style=\"color: #000000;\">\u00a0It is essential for us to know that you are happy with your choice of Tsuba and we are prepared to use the best of our ability to serve you.<\/span><\/p>\n<p><span style=\"color: #000000;\"><strong>\u3010How to appreciate Tsuba\u3011<\/strong><\/span><br \/>\n<span style=\"color: #000000;\">\u00a0While Tsuba is a small component of Japanese sword mountings, we would say it is one of the most conspicuous parts. Also, unlike the blade itself, Tsuba has a low risk of handling. Furthermore, it does not require a large space for storage. Thus, Tsuba is relatively easy to collect. Here we would like to propose a few ways to enrich your Tsuba experience after purchasing your favorite Tsuba.<\/span><\/p>\n<p><span style=\"color: #000000;\"><strong>-Inspection<\/strong><\/span><br \/>\n<span style=\"color: #000000;\">\u00a0Inspect and feel the artistry of Tsuba. You will be amazed by the maker&#8217;s work quality to make it look a great work.<\/span><\/p>\n<p><span style=\"color: #000000;\"><strong>-Find the right place to display<\/strong><\/span><br \/>\n<span style=\"color: #000000;\">\u00a0Tsuba would look great when displayed in the best way. Find the best place in your house, your office, or anywhere you like, so that Tsuba would be appreciated as much as you like.<\/span><\/p>\n<p><img loading=\"lazy\" decoding=\"async\" class=\" wp-image-4478 alignnone\" src=\"https:\/\/www.samuraimuseum.jp\/shop\/wp-content\/uploads\/2022\/12\/KEN07477-scaled.jpg\" width=\"300\" height=\"126\" \/> <img loading=\"lazy\" decoding=\"async\" class=\" wp-image-4478 alignnone\" src=\"https:\/\/www.samuraimuseum.jp\/shop\/wp-content\/uploads\/2022\/12\/KEN07475-scaled.jpg\" width=\"300\" height=\"126\" \/><\/p>\n<p><span style=\"color: #000000;\">\u203bThese photos are the example of Tsuba stand and how to place the Tsuba.<\/span><\/p>\n<p><span style=\"color: #000000;\"><strong>-Learn the details<\/strong><\/span><br \/>\n<span style=\"color: #000000;\">\u00a0Tsuba reflects quite a lot of detailed features of its maker. Sometimes you can find the maker&#8217;s signature on Tsuba. Tsuba makers tried adding elaborate artistry to Tsuba. Many techniques were invented to achieve this goal, such as openwork, engravings, and gold\/silver inlays. There were many schools that trained Tsuba makers, and each of them has different characteristics. You would enjoy knowing these differences and find your beloved style.<\/span><\/p>\n<p><span style=\"color: #000000;\"><strong>-Arrange in modern style<\/strong> <\/span><br \/>\n<span style=\"color: #000000;\">\u00a0We want to propose the way that you could enjoy the Tsuba as jewelry. By stringing a cord into the center hole of the Tsuba, it could\u00a0 be worn as a necklace. This modern way would show you a new charm of Tsuba. Here are the examples of neckless.\u00a0<\/span><\/p>\n<p><img loading=\"lazy\" decoding=\"async\" class=\" wp-image-4478 alignnone\" src=\"https:\/\/www.samuraimuseum.jp\/shop\/wp-content\/uploads\/2021\/06\/912b108089b5c7f861b4b5808e5f564f.jpg\" width=\"300\" height=\"126\" \/> <img loading=\"lazy\" decoding=\"async\" class=\" wp-image-4478 alignnone\" src=\"https:\/\/www.samuraimuseum.jp\/shop\/wp-content\/uploads\/2021\/06\/71195618cd6e0bebfa728ef345449b9b-scaled.jpg\" width=\"300\" height=\"126\" \/><\/p>\n<p><span style=\"color: #000000;\"><strong>\u3010Give the Tsuba as a special gift\u3011<\/strong><\/span><br \/>\n<span style=\"color: #000000;\">\u00a0Are you looking for a special gift for a person who is interested in Japanese culture? We recommend you to give an antique Tsuba as a present for your significant other. Tsuba is an integral part of the Samurai sword, which was once a primary weapon for Samurai. Each Tsuba is a unique item and has a different design. We hope it would be a memorable gift. Now it is time for you to share the beauty of a piece of Samurai history with your family members or friends, for instance. Also, gift wrapping is available for Tsuba; it is for free. Here is an example of wrapping. For more information, please feel free to <a href=\"https:\/\/www.samuraimuseum.jp\/shop\/contact\/\" target=\"_blank\" rel=\"noopener\"><strong><span style=\"color: #0000ff;\"><u>contact us<\/u><\/span><\/strong><\/a>. It is always our pleasure to serve you.<\/span><\/p>\n<p><img loading=\"lazy\" decoding=\"async\" class=\" wp-image-4478 alignnone\" src=\"https:\/\/www.samuraimuseum.jp\/shop\/wp-content\/uploads\/2021\/07\/PicsArt_07-20-04.27.43-scaled.jpg\" width=\"240\" height=\"240\" \/><\/p>\n<p><span style=\"color: #000000;\">\u00a0Would you like see some more Tsuba for sale? Please check the link below. We hope you can find your favorite Tsuba.<\/span><br \/>\n<a href=\"https:\/\/www.samuraimuseum.jp\/shop\/product-category\/decorations\/tsuba\/\" target=\"_blank\" rel=\"noopener noreferrer\"><strong><span style=\"text-decoration: underline; color: #0000ff;\">https:\/\/www.samuraimuseum.jp\/shop\/product-category\/decorations\/tsuba\/<\/span><\/strong><\/a><\/p>\n<p><a title=\"Antique Tsuba For Sale\" href=\"https:\/\/www.samuraimuseum.jp\/shop\/product-category\/decorations\/tsuba\/\" target=\"_blank\" rel=\"noopener noreferrer\"><img loading=\"lazy\" decoding=\"async\" class=\" wp-image-4478 alignnone\" src=\"https:\/\/www.samuraimuseum.jp\/shop\/wp-content\/uploads\/2021\/01\/TOP._ATE_0126-scaled.jpg\" alt=\"\" width=\"422\" height=\"173\" \/><\/a><\/p>\n","protected":false},"excerpt":{"rendered":"<p><img loading=\"lazy\" decoding=\"async\" class=\" wp-image-4478 alignnone\" src=\"https:\/\/www.samuraimuseum.jp\/shop\/wp-content\/uploads\/2020\/10\/mij_fs_icon_1023-05.jpg\" alt=\"\" width=\"113\" height=\"40\" \/> <img loading=\"lazy\" decoding=\"async\" class=\" wp-image-4478 alignnone\" src=\"https:\/\/www.samuraimuseum.jp\/shop\/wp-content\/uploads\/2020\/10\/mij_fs_icon_1023-07.jpg\" alt=\"\" width=\"113\" height=\"48\" \/><\/p>\n<p><span style=\"color: #0000ff;\"><strong>Delivery Time<\/strong><\/span><span style=\"color: #000000;\">: <strong>1.0 \u2013 1.5 months<\/strong><\/span><br \/>\n<span style=\"color: #000000;\">*Delivery may take longer, depending on countries or holiday seasons.<\/span><\/p>\n<p><span style=\"color: #000000;\"><strong>INCLUDED<\/strong>: Wooden box, Cushion, NBTHK Hozon Certificate<\/span><\/p>\n<p><span style=\"color: #000000;\"><strong>Title: Y\u016brei Zu Tsuba<\/strong><\/span><\/p>\n<p><span style=\"color: #000000;\">Signature: \u68ee (\u82b1\u62bc) (Mori, his stylized signature)<\/span><br \/>\n<span style=\"color: #000000;\">Age: Edo period<\/span><br \/>\n<span style=\"color: #000000;\">Material: Iron<\/span><\/p>\n<table style=\"width: 47.07%; height: 47px; border-collapse: collapse;\">\n<tbody>\n<tr style=\"height: 23px;\">\n<td style=\"border-color: #575129; width: 14.11%; background-color: #575129; height: 23px; text-align: center;\"><span style=\"color: #ffffff;\">Size<\/span><\/td>\n<td style=\"border-color: #575129; width: 19.1%; background-color: #575129; height: 23px; text-align: center;\"><span style=\"color: #ffffff;\">Thickness<\/span><\/td>\n<td style=\"border-color: #575129; width: 20.03%; background-color: #575129; height: 23px; text-align: center;\"><span style=\"color: #ffffff;\">Nakagoana<\/span><\/td>\n<td style=\"border-color: #575129; width: 14.07%; background-color: #575129; height: 23px; text-align: center;\"><span style=\"color: #ffffff;\">Weight<\/span><\/td>\n<\/tr>\n<tr style=\"height: 24px;\">\n<td style=\"width: 14.11%; height: 24px; text-align: center;\"><span style=\"color: #000000;\">9.2cm\u00d78.7cm<\/span><\/td>\n<td style=\"width: 19.1%; height: 24px; text-align: center;\"><span style=\"color: #000000;\">0.4cm<\/span><\/td>\n<td style=\"width: 20.03%; height: 24px; text-align: center;\"><span style=\"color: #000000;\">2.7cm\u00d70.7cm<\/span><\/td>\n<td style=\"width: 14.07%; height: 24px; text-align: center;\"><span style=\"color: #000000;\">217g<\/span><\/td>\n<\/tr>\n<\/tbody>\n<\/table>\n<p><span style=\"color: #000000;\">You can enlarge all the photos to see the detail of the item.<\/span><\/p>\n<p><em><span style=\"font-family: georgia, palatino, serif;\">Thank you for visiting our website. This Tsuba was sold as each antique Japanese Tsuba is one of a kind. However, we have various kinds of antique Japanese Tsubas available. Our customer service will help you find your ideal Tsuba you will cherish for generations. Please feel free to <a title=\"Contact Us\" href=\"https:\/\/www.samuraimuseum.jp\/shop\/contact\/\" target=\"_blank\" rel=\"noopener\"><span style=\"text-decoration: underline; color: #0000ff;\">contact us<\/span><\/a> or check<a title=\"The List of Authentic Japanese Swords\" href=\"https:\/\/www.samuraimuseum.jp\/shop\/product-category\/decorations\/tsuba\/\" target=\"_blank\" rel=\"noopener\"><span style=\"text-decoration: underline; color: #0000ff;\"> the list of Tsubas<\/span><\/a>. We will be more than happy to help you.<\/span><\/em><\/p>\n","protected":false},"featured_media":33618,"template":"","meta":[],"product_brand":[],"product_cat":[15,121,25,123,122,119],"product_tag":[],"class_list":{"0":"post-33623","1":"product","2":"type-product","3":"status-publish","4":"has-post-thumbnail","6":"product_cat-tsuba","7":"product_cat-plant-vegetable","8":"product_cat-decorations","9":"product_cat-landscape-others","10":"product_cat-peoplesamurai-hermit","11":"product_cat-featured-sword-mounting","13":"first","14":"outofstock","15":"shipping-taxable","16":"purchasable","17":"product-type-simple","18":"add-to-wishlist-after_add_to_cart","19":"customify-col","20":"product-has-gallery"},"aioseo_notices":[],"_links":{"self":[{"href":"https:\/\/www.samuraimuseum.jp\/shop\/wp-json\/wp\/v2\/product\/33623","targetHints":{"allow":["GET"]}}],"collection":[{"href":"https:\/\/www.samuraimuseum.jp\/shop\/wp-json\/wp\/v2\/product"}],"about":[{"href":"https:\/\/www.samuraimuseum.jp\/shop\/wp-json\/wp\/v2\/types\/product"}],"wp:featuredmedia":[{"embeddable":true,"href":"https:\/\/www.samuraimuseum.jp\/shop\/wp-json\/wp\/v2\/media\/33618"}],"wp:attachment":[{"href":"https:\/\/www.samuraimuseum.jp\/shop\/wp-json\/wp\/v2\/media?parent=33623"}],"wp:term":[{"taxonomy":"product_brand","embeddable":true,"href":"https:\/\/www.samuraimuseum.jp\/shop\/wp-json\/wp\/v2\/product_brand?post=33623"},{"taxonomy":"product_cat","embeddable":true,"href":"https:\/\/www.samuraimuseum.jp\/shop\/wp-json\/wp\/v2\/product_cat?post=33623"},{"taxonomy":"product_tag","embeddable":true,"href":"https:\/\/www.samuraimuseum.jp\/shop\/wp-json\/wp\/v2\/product_tag?post=33623"}],"curies":[{"name":"wp","href":"https:\/\/api.w.org\/{rel}","templated":true}]}}